{"id":9243,"date":"2024-03-07T08:56:40","date_gmt":"2024-03-07T08:56:40","guid":{"rendered":"https:\/\/sansdemi-mesure.ma\/?post_type=product&#038;p=9243"},"modified":"2025-06-13T20:21:13","modified_gmt":"2025-06-13T20:21:13","slug":"abaya-lin","status":"publish","type":"product","link":"https:\/\/sansdemi-mesure.ma\/en\/product\/abaya-lin\/","title":{"rendered":"Abaya Lin"},"content":{"rendered":"<p>D\u00e9couvrez notre <a href=\"https:\/\/www.instagram.com\/reel\/DEZ-wGMosTX\/?igsh=MW0yZ24yeGR2bXJlNg==\">Abaya Lin<\/a>, une pi\u00e8ce incontournable alliant style et confort. Con\u00e7ue en **polyester haute qualit\u00e9, cette abaya reproduit \u00e0 la perfection l\u2019effet textur\u00e9 du lin, offrant un look naturel et raffin\u00e9. Avec une longueur de **145 cm, elle s\u2019adapte parfaitement aux tailles **38 \u00e0 46*, \u00e9pousant vos formes tout en garantissant une libert\u00e9 de mouvement optimale.<\/p>\n<p>*Pourquoi choisir cette abaya ?*<br \/>\nId\u00e9ale pour un usage quotidien ou pour des occasions sp\u00e9ciales, cette abaya se distingue par sa *polyvalence*. Portez-la avec des talons pour une tenue chic ou avec des baskets pour une allure d\u00e9contract\u00e9e. Son tissu l\u00e9ger et respirant assure un confort tout au long de la journ\u00e9e, quelle que soit la saison.<\/p>\n<p>*Personnalisez votre style*<br \/>\nAccessoirisez-la avec un foulard \u00e9l\u00e9gant ou des bijoux subtils pour adapter votre tenue \u00e0 chaque occasion. Que ce soit pour le travail, une sortie entre amis ou une c\u00e9l\u00e9bration comme l\u2019A\u00efd ou le Ramadan, cette abaya saura r\u00e9pondre \u00e0 toutes vos envies.<\/p>\n<p>*Un cadeau id\u00e9al*<br \/>\nOffrez cette abaya \u00e0 vos proches pour leur faire plaisir. Son design intemporel et sa coupe universelle en font un cadeau appr\u00e9ci\u00e9 et utile.<\/p>\n<p>*Disponible d\u00e8s maintenant*<br \/>\nAvec son effet lin unique, cette abaya allie esth\u00e9tique et praticit\u00e9. Commandez d\u00e8s aujourd\u2019hui et ajoutez une touche d\u2019\u00e9l\u00e9gance \u00e0 <a href=\"https:\/\/sansdemi-mesure.ma\/en\/product-category\/abaya-robe\/\">votre garde-robe<\/a> !<\/p>\n<p>&nbsp;<\/p>","protected":false},"excerpt":{"rendered":"<p>Convient du 38 au 46<br \/>\n145cm de long<\/p>\n<p>Polyester<\/p>","protected":false},"featured_media":9187,"comment_status":"open","ping_status":"closed","template":"","meta":[],"product_brand":[],"product_cat":[24,27],"product_tag":[],"class_list":{"0":"post-9243","1":"product","2":"type-product","3":"status-publish","4":"has-post-thumbnail","6":"product_cat-abaya-robe","7":"product_cat-nouveautes","9":"first","10":"instock","11":"taxable","12":"shipping-taxable","13":"purchasable","14":"product-type-variable"},"yoast_head":"<!-- This site is optimized with the Yoast SEO plugin v24.3 - https:\/\/yoast.com\/wordpress\/plugins\/seo\/ -->\n<title>Abaya Lin - Sans Demi Mesure<\/title>\n<meta name=\"description\" content=\"Sans Demi Mesure - Abaya Lin - robe longue - tenue pour la femme musulmane - hijeb modesty - jilbeb, khimar, voile, kimono \u00e0 petit prix\" \/>\n<meta name=\"robots\" content=\"index, follow, max-snippet:-1, max-image-preview:large, max-video-preview:-1\" \/>\n<link rel=\"canonical\" href=\"https:\/\/sansdemi-mesure.ma\/en\/product\/abaya-lin\/\" \/>\n<meta property=\"og:locale\" content=\"en_US\" \/>\n<meta property=\"og:type\" content=\"article\" \/>\n<meta property=\"og:title\" content=\"Abaya Lin - Sans Demi Mesure\" \/>\n<meta property=\"og:description\" content=\"Sans Demi Mesure - Abaya Lin - robe longue - tenue pour la femme musulmane - hijeb modesty - jilbeb, khimar, voile, kimono \u00e0 petit prix\" \/>\n<meta property=\"og:url\" content=\"https:\/\/sansdemi-mesure.ma\/en\/product\/abaya-lin\/\" \/>\n<meta property=\"og:site_name\" content=\"Sans Demi Mesure\" \/>\n<meta property=\"article:publisher\" content=\"https:\/\/web.facebook.com\/sansdemimesuree\/\" \/>\n<meta property=\"article:modified_time\" content=\"2025-06-13T20:21:13+00:00\" \/>\n<meta property=\"og:image\" content=\"https:\/\/sansdemi-mesure.ma\/wp-content\/uploads\/2024\/03\/PhotoRoom_028_20240306_222900.jpeg\" \/>\n\t<meta property=\"og:image:width\" content=\"1350\" \/>\n\t<meta property=\"og:image:height\" content=\"2400\" \/>\n\t<meta property=\"og:image:type\" content=\"image\/jpeg\" \/>\n<meta name=\"twitter:card\" content=\"summary_large_image\" \/>\n<meta name=\"twitter:label1\" content=\"Est. reading time\" \/>\n\t<meta name=\"twitter:data1\" content=\"2 minutes\" \/>\n<script type=\"application\/ld+json\" class=\"yoast-schema-graph\">{\"@context\":\"https:\/\/schema.org\",\"@graph\":[{\"@type\":\"WebPage\",\"@id\":\"https:\/\/sansdemi-mesure.ma\/produit\/abaya-lin\/\",\"url\":\"https:\/\/sansdemi-mesure.ma\/produit\/abaya-lin\/\",\"name\":\"Abaya Lin - Sans Demi Mesure\",\"isPartOf\":{\"@id\":\"https:\/\/sansdemi-mesure.ma\/#website\"},\"primaryImageOfPage\":{\"@id\":\"https:\/\/sansdemi-mesure.ma\/produit\/abaya-lin\/#primaryimage\"},\"image\":{\"@id\":\"https:\/\/sansdemi-mesure.ma\/produit\/abaya-lin\/#primaryimage\"},\"thumbnailUrl\":\"https:\/\/sansdemi-mesure.ma\/wp-content\/uploads\/2024\/03\/PhotoRoom_028_20240306_222900.jpeg\",\"datePublished\":\"2024-03-07T08:56:40+00:00\",\"dateModified\":\"2025-06-13T20:21:13+00:00\",\"description\":\"Sans Demi Mesure - Abaya Lin - robe longue - tenue pour la femme musulmane - hijeb modesty - jilbeb, khimar, voile, kimono \u00e0 petit prix\",\"breadcrumb\":{\"@id\":\"https:\/\/sansdemi-mesure.ma\/produit\/abaya-lin\/#breadcrumb\"},\"inLanguage\":\"en-US\",\"potentialAction\":[{\"@type\":\"ReadAction\",\"target\":[\"https:\/\/sansdemi-mesure.ma\/produit\/abaya-lin\/\"]}]},{\"@type\":\"ImageObject\",\"inLanguage\":\"en-US\",\"@id\":\"https:\/\/sansdemi-mesure.ma\/produit\/abaya-lin\/#primaryimage\",\"url\":\"https:\/\/sansdemi-mesure.ma\/wp-content\/uploads\/2024\/03\/PhotoRoom_028_20240306_222900.jpeg\",\"contentUrl\":\"https:\/\/sansdemi-mesure.ma\/wp-content\/uploads\/2024\/03\/PhotoRoom_028_20240306_222900.jpeg\",\"width\":1350,\"height\":2400,\"caption\":\"abaya Lin\"},{\"@type\":\"BreadcrumbList\",\"@id\":\"https:\/\/sansdemi-mesure.ma\/produit\/abaya-lin\/#breadcrumb\",\"itemListElement\":[{\"@type\":\"ListItem\",\"position\":1,\"name\":\"Accueil\",\"item\":\"https:\/\/sansdemi-mesure.ma\/\"},{\"@type\":\"ListItem\",\"position\":2,\"name\":\"Boutique\",\"item\":\"https:\/\/sansdemi-mesure.ma\/boutique\/\"},{\"@type\":\"ListItem\",\"position\":3,\"name\":\"Abaya Lin\"}]},{\"@type\":\"WebSite\",\"@id\":\"https:\/\/sansdemi-mesure.ma\/#website\",\"url\":\"https:\/\/sansdemi-mesure.ma\/\",\"name\":\"Sans Demi Mesure\",\"description\":\"Pr\u00eat \u00e0 porter feminin\",\"publisher\":{\"@id\":\"https:\/\/sansdemi-mesure.ma\/#organization\"},\"potentialAction\":[{\"@type\":\"SearchAction\",\"target\":{\"@type\":\"EntryPoint\",\"urlTemplate\":\"https:\/\/sansdemi-mesure.ma\/?s={search_term_string}\"},\"query-input\":{\"@type\":\"PropertyValueSpecification\",\"valueRequired\":true,\"valueName\":\"search_term_string\"}}],\"inLanguage\":\"en-US\"},{\"@type\":\"Organization\",\"@id\":\"https:\/\/sansdemi-mesure.ma\/#organization\",\"name\":\"Sans Demi Mesure\",\"url\":\"https:\/\/sansdemi-mesure.ma\/\",\"logo\":{\"@type\":\"ImageObject\",\"inLanguage\":\"en-US\",\"@id\":\"https:\/\/sansdemi-mesure.ma\/#\/schema\/logo\/image\/\",\"url\":\"https:\/\/sansdemi-mesure.ma\/wp-content\/uploads\/2023\/04\/Logo-noir.png\",\"contentUrl\":\"https:\/\/sansdemi-mesure.ma\/wp-content\/uploads\/2023\/04\/Logo-noir.png\",\"width\":3901,\"height\":1305,\"caption\":\"Sans Demi Mesure\"},\"image\":{\"@id\":\"https:\/\/sansdemi-mesure.ma\/#\/schema\/logo\/image\/\"},\"sameAs\":[\"https:\/\/web.facebook.com\/sansdemimesuree\/\",\"https:\/\/www.instagram.com\/sansdemi_mesure\/\"]}]}<\/script>\n<!-- \/ Yoast SEO plugin. -->","yoast_head_json":{"title":"Abaya Lin - Sans Demi Mesure","description":"Sans Demi Mesure - Abaya Lin - robe longue - tenue pour la femme musulmane - hijeb modesty - jilbeb, khimar, voile, kimono \u00e0 petit prix","robots":{"index":"index","follow":"follow","max-snippet":"max-snippet:-1","max-image-preview":"max-image-preview:large","max-video-preview":"max-video-preview:-1"},"canonical":"https:\/\/sansdemi-mesure.ma\/en\/product\/abaya-lin\/","og_locale":"en_US","og_type":"article","og_title":"Abaya Lin - Sans Demi Mesure","og_description":"Sans Demi Mesure - Abaya Lin - robe longue - tenue pour la femme musulmane - hijeb modesty - jilbeb, khimar, voile, kimono \u00e0 petit prix","og_url":"https:\/\/sansdemi-mesure.ma\/en\/product\/abaya-lin\/","og_site_name":"Sans Demi Mesure","article_publisher":"https:\/\/web.facebook.com\/sansdemimesuree\/","article_modified_time":"2025-06-13T20:21:13+00:00","og_image":[{"width":1350,"height":2400,"url":"https:\/\/sansdemi-mesure.ma\/wp-content\/uploads\/2024\/03\/PhotoRoom_028_20240306_222900.jpeg","type":"image\/jpeg"}],"twitter_card":"summary_large_image","twitter_misc":{"Est. reading time":"2 minutes"},"schema":{"@context":"https:\/\/schema.org","@graph":[{"@type":"WebPage","@id":"https:\/\/sansdemi-mesure.ma\/produit\/abaya-lin\/","url":"https:\/\/sansdemi-mesure.ma\/produit\/abaya-lin\/","name":"Abaya Lin - Sans Demi Mesure","isPartOf":{"@id":"https:\/\/sansdemi-mesure.ma\/#website"},"primaryImageOfPage":{"@id":"https:\/\/sansdemi-mesure.ma\/produit\/abaya-lin\/#primaryimage"},"image":{"@id":"https:\/\/sansdemi-mesure.ma\/produit\/abaya-lin\/#primaryimage"},"thumbnailUrl":"https:\/\/sansdemi-mesure.ma\/wp-content\/uploads\/2024\/03\/PhotoRoom_028_20240306_222900.jpeg","datePublished":"2024-03-07T08:56:40+00:00","dateModified":"2025-06-13T20:21:13+00:00","description":"Sans Demi Mesure - Abaya Lin - robe longue - tenue pour la femme musulmane - hijeb modesty - jilbeb, khimar, voile, kimono \u00e0 petit prix","breadcrumb":{"@id":"https:\/\/sansdemi-mesure.ma\/produit\/abaya-lin\/#breadcrumb"},"inLanguage":"en-US","potentialAction":[{"@type":"ReadAction","target":["https:\/\/sansdemi-mesure.ma\/produit\/abaya-lin\/"]}]},{"@type":"ImageObject","inLanguage":"en-US","@id":"https:\/\/sansdemi-mesure.ma\/produit\/abaya-lin\/#primaryimage","url":"https:\/\/sansdemi-mesure.ma\/wp-content\/uploads\/2024\/03\/PhotoRoom_028_20240306_222900.jpeg","contentUrl":"https:\/\/sansdemi-mesure.ma\/wp-content\/uploads\/2024\/03\/PhotoRoom_028_20240306_222900.jpeg","width":1350,"height":2400,"caption":"abaya Lin"},{"@type":"BreadcrumbList","@id":"https:\/\/sansdemi-mesure.ma\/produit\/abaya-lin\/#breadcrumb","itemListElement":[{"@type":"ListItem","position":1,"name":"Accueil","item":"https:\/\/sansdemi-mesure.ma\/"},{"@type":"ListItem","position":2,"name":"Boutique","item":"https:\/\/sansdemi-mesure.ma\/boutique\/"},{"@type":"ListItem","position":3,"name":"Abaya Lin"}]},{"@type":"WebSite","@id":"https:\/\/sansdemi-mesure.ma\/#website","url":"https:\/\/sansdemi-mesure.ma\/","name":"Sans Demi Mesure","description":"Pr\u00eat \u00e0 porter feminin","publisher":{"@id":"https:\/\/sansdemi-mesure.ma\/#organization"},"potentialAction":[{"@type":"SearchAction","target":{"@type":"EntryPoint","urlTemplate":"https:\/\/sansdemi-mesure.ma\/?s={search_term_string}"},"query-input":{"@type":"PropertyValueSpecification","valueRequired":true,"valueName":"search_term_string"}}],"inLanguage":"en-US"},{"@type":"Organization","@id":"https:\/\/sansdemi-mesure.ma\/#organization","name":"Sans Demi Mesure","url":"https:\/\/sansdemi-mesure.ma\/","logo":{"@type":"ImageObject","inLanguage":"en-US","@id":"https:\/\/sansdemi-mesure.ma\/#\/schema\/logo\/image\/","url":"https:\/\/sansdemi-mesure.ma\/wp-content\/uploads\/2023\/04\/Logo-noir.png","contentUrl":"https:\/\/sansdemi-mesure.ma\/wp-content\/uploads\/2023\/04\/Logo-noir.png","width":3901,"height":1305,"caption":"Sans Demi Mesure"},"image":{"@id":"https:\/\/sansdemi-mesure.ma\/#\/schema\/logo\/image\/"},"sameAs":["https:\/\/web.facebook.com\/sansdemimesuree\/","https:\/\/www.instagram.com\/sansdemi_mesure\/"]}]}},"jetpack_publicize_connections":[],"jetpack_sharing_enabled":true,"_links":{"self":[{"href":"https:\/\/sansdemi-mesure.ma\/en\/wp-json\/wp\/v2\/product\/9243","targetHints":{"allow":["GET"]}}],"collection":[{"href":"https:\/\/sansdemi-mesure.ma\/en\/wp-json\/wp\/v2\/product"}],"about":[{"href":"https:\/\/sansdemi-mesure.ma\/en\/wp-json\/wp\/v2\/types\/product"}],"replies":[{"embeddable":true,"href":"https:\/\/sansdemi-mesure.ma\/en\/wp-json\/wp\/v2\/comments?post=9243"}],"wp:featuredmedia":[{"embeddable":true,"href":"https:\/\/sansdemi-mesure.ma\/en\/wp-json\/wp\/v2\/media\/9187"}],"wp:attachment":[{"href":"https:\/\/sansdemi-mesure.ma\/en\/wp-json\/wp\/v2\/media?parent=9243"}],"wp:term":[{"taxonomy":"product_brand","embeddable":true,"href":"https:\/\/sansdemi-mesure.ma\/en\/wp-json\/wp\/v2\/product_brand?post=9243"},{"taxonomy":"product_cat","embeddable":true,"href":"https:\/\/sansdemi-mesure.ma\/en\/wp-json\/wp\/v2\/product_cat?post=9243"},{"taxonomy":"product_tag","embeddable":true,"href":"https:\/\/sansdemi-mesure.ma\/en\/wp-json\/wp\/v2\/product_tag?post=9243"}],"curies":[{"name":"wp","href":"https:\/\/api.w.org\/{rel}","templated":true}]}}