{"id":9118,"date":"2024-03-04T07:02:04","date_gmt":"2024-03-04T07:02:04","guid":{"rendered":"https:\/\/sansdemi-mesure.ma\/?post_type=product&#038;p=9118"},"modified":"2025-06-27T19:05:51","modified_gmt":"2025-06-27T19:05:51","slug":"ensemble-khimar-abaya-jazz","status":"publish","type":"product","link":"https:\/\/sansdemi-mesure.ma\/en\/product\/ensemble-khimar-abaya-jazz\/","title":{"rendered":"Ensemble Khimar &#038; Abaya jazz"},"content":{"rendered":"<p style=\"text-align: center;\"><strong>Ensemble Khimar &amp; Abaya jazz\u00a0<\/strong><\/p>\n<p>&nbsp;<\/p>\n<p>Cet ensemble jazz complet, compos\u00e9 d\u2019une abaya longue \u00e0 manches papillon et d\u2019un khimar assorti, est con\u00e7u pour offrir \u00e0 la femme musulmane une tenue modeste, \u00e9l\u00e9gante et confortable. Parfait pour les moments de pri\u00e8re, ce duo de v\u00eatements permet de se rendre \u00e0 la mosqu\u00e9e ou de porter une tenue sobre et raffin\u00e9e au quotidien. Le tissu jazz, doux et fluide, garantit un excellent confort tout au long de la journ\u00e9e. De plus, cet ensemble est fi\u00e8rement fabriqu\u00e9 en France, alliant qualit\u00e9 et savoir-faire. Il est id\u00e9al pour \u00eatre port\u00e9 pendant le Ramadan, offrant \u00e0 la fois confort et pudeur durant ce mois sacr\u00e9.<\/p>\n<p><strong>Utilisation<\/strong> :<\/p>\n<p>L\u2019ensemble abaya et khimar est con\u00e7u pour r\u00e9pondre aux besoins des femmes musulmanes recherchant \u00e0 la fois \u00e9l\u00e9gance et pudeur. Il est parfait pour les moments de pri\u00e8re, la visite \u00e0 la mosqu\u00e9e, ou tout simplement pour les occasions quotidiennes. Ce mod\u00e8le offre une couvrance totale tout en \u00e9tant pratique gr\u00e2ce \u00e0 son design simple et \u00e9l\u00e9gant. C\u2019est \u00e9galement la tenue id\u00e9ale pour le Ramadan, offrant confort et modestie pendant ce mois sacr\u00e9.<\/p>\n<p><strong>Public cible :<\/strong><\/p>\n<p>\u2022Femmes musulmanes<br \/>\n\u2022Femmes recherchant une tenue pudique et confortable<br \/>\n\u2022Id\u00e9ale pour les pri\u00e8res, la mosqu\u00e9e, le Ramadan, ou toute autre occasion quotidienne<\/p>\n<p>Avantages :<\/p>\n<p>\u2022Confort exceptionnel gr\u00e2ce au tissu jazz doux et fluide<br \/>\n\u2022Tenue compl\u00e8te et harmonieuse avec abaya et khimar assortis<br \/>\n\u2022Taille unique adapt\u00e9e \u00e0 la plupart des silhouettes<br \/>\n\u2022Parfaite pour le Ramadan, les pri\u00e8res et les occasions quotidiennes<br \/>\n\u2022Design simple et \u00e9l\u00e9gant, offrant une couvrance totale<\/p>\n<p>Cet ensemble <a href=\"https:\/\/sansdemi-mesure.ma\/en\/product-category\/abaya-robe\/\">abaya<\/a> et khimar est l\u2019incarnation du raffinement et de la simplicit\u00e9. Offrez-vous une tenue compl\u00e8te, respectueuse et \u00e9l\u00e9gante, fabriqu\u00e9e en France, pour vos moments de pri\u00e8re, vos journ\u00e9es quotidiennes et tout particuli\u00e8rement pour le Ramadan.<\/p>\n<p>Rejoignez-nous sur nos r\u00e9seaux sociaux, <a href=\"https:\/\/www.facebook.com\/sansdemimesuree\/\">Instagram<\/a><\/p>","protected":false},"excerpt":{"rendered":"<p>Abaya papillon &amp; son khimar<\/p>\n<p>Convient du 36 au 46<br \/>\n145cm de long<\/p>","protected":false},"featured_media":9055,"comment_status":"open","ping_status":"closed","template":"","meta":[],"product_brand":[],"product_cat":[24,35,27],"product_tag":[44],"class_list":{"0":"post-9118","1":"product","2":"type-product","3":"status-publish","4":"has-post-thumbnail","6":"product_cat-abaya-robe","7":"product_cat-ensemble","8":"product_cat-nouveautes","9":"product_tag-e","11":"first","12":"instock","13":"taxable","14":"shipping-taxable","15":"purchasable","16":"product-type-variable"},"yoast_head":"<!-- This site is optimized with the Yoast SEO plugin v24.3 - https:\/\/yoast.com\/wordpress\/plugins\/seo\/ -->\n<title>Ensemble Khimar &amp; Abaya jazz - Sans Demi Mesure<\/title>\n<meta name=\"description\" content=\"Ensemble Khimar &amp; Abaya jazz - Tenue pour la mosqu\u00e9, robe de pri\u00e8re , v\u00eatement pour le ramadan pas cher - Boutique femme musulmane\" \/>\n<meta name=\"robots\" content=\"index, follow, max-snippet:-1, max-image-preview:large, max-video-preview:-1\" \/>\n<link rel=\"canonical\" href=\"https:\/\/sansdemi-mesure.ma\/en\/product\/ensemble-khimar-abaya-jazz\/\" \/>\n<meta property=\"og:locale\" content=\"en_US\" \/>\n<meta property=\"og:type\" content=\"article\" \/>\n<meta property=\"og:title\" content=\"Ensemble Khimar &amp; Abaya jazz - Sans Demi Mesure\" \/>\n<meta property=\"og:description\" content=\"Ensemble Khimar &amp; Abaya jazz - Tenue pour la mosqu\u00e9, robe de pri\u00e8re , v\u00eatement pour le ramadan pas cher - Boutique femme musulmane\" \/>\n<meta property=\"og:url\" content=\"https:\/\/sansdemi-mesure.ma\/en\/product\/ensemble-khimar-abaya-jazz\/\" \/>\n<meta property=\"og:site_name\" content=\"Sans Demi Mesure\" \/>\n<meta property=\"article:publisher\" content=\"https:\/\/web.facebook.com\/sansdemimesuree\/\" \/>\n<meta property=\"article:modified_time\" content=\"2025-06-27T19:05:51+00:00\" \/>\n<meta property=\"og:image\" content=\"https:\/\/sansdemi-mesure.ma\/wp-content\/uploads\/2024\/03\/PhotoRoom_016_20240303_194536.jpeg\" \/>\n\t<meta property=\"og:image:width\" content=\"1350\" \/>\n\t<meta property=\"og:image:height\" content=\"2400\" \/>\n\t<meta property=\"og:image:type\" content=\"image\/jpeg\" \/>\n<meta name=\"twitter:card\" content=\"summary_large_image\" \/>\n<meta name=\"twitter:label1\" content=\"Est. reading time\" \/>\n\t<meta name=\"twitter:data1\" content=\"2 minutes\" \/>\n<script type=\"application\/ld+json\" class=\"yoast-schema-graph\">{\"@context\":\"https:\/\/schema.org\",\"@graph\":[{\"@type\":\"WebPage\",\"@id\":\"https:\/\/sansdemi-mesure.ma\/produit\/ensemble-khimar-abaya-jazz\/\",\"url\":\"https:\/\/sansdemi-mesure.ma\/produit\/ensemble-khimar-abaya-jazz\/\",\"name\":\"Ensemble Khimar & Abaya jazz - Sans Demi Mesure\",\"isPartOf\":{\"@id\":\"https:\/\/sansdemi-mesure.ma\/#website\"},\"primaryImageOfPage\":{\"@id\":\"https:\/\/sansdemi-mesure.ma\/produit\/ensemble-khimar-abaya-jazz\/#primaryimage\"},\"image\":{\"@id\":\"https:\/\/sansdemi-mesure.ma\/produit\/ensemble-khimar-abaya-jazz\/#primaryimage\"},\"thumbnailUrl\":\"https:\/\/sansdemi-mesure.ma\/wp-content\/uploads\/2024\/03\/PhotoRoom_016_20240303_194536.jpeg\",\"datePublished\":\"2024-03-04T07:02:04+00:00\",\"dateModified\":\"2025-06-27T19:05:51+00:00\",\"description\":\"Ensemble Khimar & Abaya jazz - Tenue pour la mosqu\u00e9, robe de pri\u00e8re , v\u00eatement pour le ramadan pas cher - Boutique femme musulmane\",\"breadcrumb\":{\"@id\":\"https:\/\/sansdemi-mesure.ma\/produit\/ensemble-khimar-abaya-jazz\/#breadcrumb\"},\"inLanguage\":\"en-US\",\"potentialAction\":[{\"@type\":\"ReadAction\",\"target\":[\"https:\/\/sansdemi-mesure.ma\/produit\/ensemble-khimar-abaya-jazz\/\"]}]},{\"@type\":\"ImageObject\",\"inLanguage\":\"en-US\",\"@id\":\"https:\/\/sansdemi-mesure.ma\/produit\/ensemble-khimar-abaya-jazz\/#primaryimage\",\"url\":\"https:\/\/sansdemi-mesure.ma\/wp-content\/uploads\/2024\/03\/PhotoRoom_016_20240303_194536.jpeg\",\"contentUrl\":\"https:\/\/sansdemi-mesure.ma\/wp-content\/uploads\/2024\/03\/PhotoRoom_016_20240303_194536.jpeg\",\"width\":1350,\"height\":2400,\"caption\":\"ensemble jazz\"},{\"@type\":\"BreadcrumbList\",\"@id\":\"https:\/\/sansdemi-mesure.ma\/produit\/ensemble-khimar-abaya-jazz\/#breadcrumb\",\"itemListElement\":[{\"@type\":\"ListItem\",\"position\":1,\"name\":\"Accueil\",\"item\":\"https:\/\/sansdemi-mesure.ma\/\"},{\"@type\":\"ListItem\",\"position\":2,\"name\":\"Boutique\",\"item\":\"https:\/\/sansdemi-mesure.ma\/boutique\/\"},{\"@type\":\"ListItem\",\"position\":3,\"name\":\"Ensemble Khimar &#038; Abaya jazz\"}]},{\"@type\":\"WebSite\",\"@id\":\"https:\/\/sansdemi-mesure.ma\/#website\",\"url\":\"https:\/\/sansdemi-mesure.ma\/\",\"name\":\"Sans Demi Mesure\",\"description\":\"Pr\u00eat \u00e0 porter feminin\",\"publisher\":{\"@id\":\"https:\/\/sansdemi-mesure.ma\/#organization\"},\"potentialAction\":[{\"@type\":\"SearchAction\",\"target\":{\"@type\":\"EntryPoint\",\"urlTemplate\":\"https:\/\/sansdemi-mesure.ma\/?s={search_term_string}\"},\"query-input\":{\"@type\":\"PropertyValueSpecification\",\"valueRequired\":true,\"valueName\":\"search_term_string\"}}],\"inLanguage\":\"en-US\"},{\"@type\":\"Organization\",\"@id\":\"https:\/\/sansdemi-mesure.ma\/#organization\",\"name\":\"Sans Demi Mesure\",\"url\":\"https:\/\/sansdemi-mesure.ma\/\",\"logo\":{\"@type\":\"ImageObject\",\"inLanguage\":\"en-US\",\"@id\":\"https:\/\/sansdemi-mesure.ma\/#\/schema\/logo\/image\/\",\"url\":\"https:\/\/sansdemi-mesure.ma\/wp-content\/uploads\/2023\/04\/Logo-noir.png\",\"contentUrl\":\"https:\/\/sansdemi-mesure.ma\/wp-content\/uploads\/2023\/04\/Logo-noir.png\",\"width\":3901,\"height\":1305,\"caption\":\"Sans Demi Mesure\"},\"image\":{\"@id\":\"https:\/\/sansdemi-mesure.ma\/#\/schema\/logo\/image\/\"},\"sameAs\":[\"https:\/\/web.facebook.com\/sansdemimesuree\/\",\"https:\/\/www.instagram.com\/sansdemi_mesure\/\"]}]}<\/script>\n<!-- \/ Yoast SEO plugin. -->","yoast_head_json":{"title":"Ensemble Khimar & Abaya jazz - Sans Demi Mesure","description":"Ensemble Khimar & Abaya jazz - Tenue pour la mosqu\u00e9, robe de pri\u00e8re , v\u00eatement pour le ramadan pas cher - Boutique femme musulmane","robots":{"index":"index","follow":"follow","max-snippet":"max-snippet:-1","max-image-preview":"max-image-preview:large","max-video-preview":"max-video-preview:-1"},"canonical":"https:\/\/sansdemi-mesure.ma\/en\/product\/ensemble-khimar-abaya-jazz\/","og_locale":"en_US","og_type":"article","og_title":"Ensemble Khimar & Abaya jazz - Sans Demi Mesure","og_description":"Ensemble Khimar & Abaya jazz - Tenue pour la mosqu\u00e9, robe de pri\u00e8re , v\u00eatement pour le ramadan pas cher - Boutique femme musulmane","og_url":"https:\/\/sansdemi-mesure.ma\/en\/product\/ensemble-khimar-abaya-jazz\/","og_site_name":"Sans Demi Mesure","article_publisher":"https:\/\/web.facebook.com\/sansdemimesuree\/","article_modified_time":"2025-06-27T19:05:51+00:00","og_image":[{"width":1350,"height":2400,"url":"https:\/\/sansdemi-mesure.ma\/wp-content\/uploads\/2024\/03\/PhotoRoom_016_20240303_194536.jpeg","type":"image\/jpeg"}],"twitter_card":"summary_large_image","twitter_misc":{"Est. reading time":"2 minutes"},"schema":{"@context":"https:\/\/schema.org","@graph":[{"@type":"WebPage","@id":"https:\/\/sansdemi-mesure.ma\/produit\/ensemble-khimar-abaya-jazz\/","url":"https:\/\/sansdemi-mesure.ma\/produit\/ensemble-khimar-abaya-jazz\/","name":"Ensemble Khimar & Abaya jazz - Sans Demi Mesure","isPartOf":{"@id":"https:\/\/sansdemi-mesure.ma\/#website"},"primaryImageOfPage":{"@id":"https:\/\/sansdemi-mesure.ma\/produit\/ensemble-khimar-abaya-jazz\/#primaryimage"},"image":{"@id":"https:\/\/sansdemi-mesure.ma\/produit\/ensemble-khimar-abaya-jazz\/#primaryimage"},"thumbnailUrl":"https:\/\/sansdemi-mesure.ma\/wp-content\/uploads\/2024\/03\/PhotoRoom_016_20240303_194536.jpeg","datePublished":"2024-03-04T07:02:04+00:00","dateModified":"2025-06-27T19:05:51+00:00","description":"Ensemble Khimar & Abaya jazz - Tenue pour la mosqu\u00e9, robe de pri\u00e8re , v\u00eatement pour le ramadan pas cher - Boutique femme musulmane","breadcrumb":{"@id":"https:\/\/sansdemi-mesure.ma\/produit\/ensemble-khimar-abaya-jazz\/#breadcrumb"},"inLanguage":"en-US","potentialAction":[{"@type":"ReadAction","target":["https:\/\/sansdemi-mesure.ma\/produit\/ensemble-khimar-abaya-jazz\/"]}]},{"@type":"ImageObject","inLanguage":"en-US","@id":"https:\/\/sansdemi-mesure.ma\/produit\/ensemble-khimar-abaya-jazz\/#primaryimage","url":"https:\/\/sansdemi-mesure.ma\/wp-content\/uploads\/2024\/03\/PhotoRoom_016_20240303_194536.jpeg","contentUrl":"https:\/\/sansdemi-mesure.ma\/wp-content\/uploads\/2024\/03\/PhotoRoom_016_20240303_194536.jpeg","width":1350,"height":2400,"caption":"ensemble jazz"},{"@type":"BreadcrumbList","@id":"https:\/\/sansdemi-mesure.ma\/produit\/ensemble-khimar-abaya-jazz\/#breadcrumb","itemListElement":[{"@type":"ListItem","position":1,"name":"Accueil","item":"https:\/\/sansdemi-mesure.ma\/"},{"@type":"ListItem","position":2,"name":"Boutique","item":"https:\/\/sansdemi-mesure.ma\/boutique\/"},{"@type":"ListItem","position":3,"name":"Ensemble Khimar &#038; Abaya jazz"}]},{"@type":"WebSite","@id":"https:\/\/sansdemi-mesure.ma\/#website","url":"https:\/\/sansdemi-mesure.ma\/","name":"Sans Demi Mesure","description":"Pr\u00eat \u00e0 porter feminin","publisher":{"@id":"https:\/\/sansdemi-mesure.ma\/#organization"},"potentialAction":[{"@type":"SearchAction","target":{"@type":"EntryPoint","urlTemplate":"https:\/\/sansdemi-mesure.ma\/?s={search_term_string}"},"query-input":{"@type":"PropertyValueSpecification","valueRequired":true,"valueName":"search_term_string"}}],"inLanguage":"en-US"},{"@type":"Organization","@id":"https:\/\/sansdemi-mesure.ma\/#organization","name":"Sans Demi Mesure","url":"https:\/\/sansdemi-mesure.ma\/","logo":{"@type":"ImageObject","inLanguage":"en-US","@id":"https:\/\/sansdemi-mesure.ma\/#\/schema\/logo\/image\/","url":"https:\/\/sansdemi-mesure.ma\/wp-content\/uploads\/2023\/04\/Logo-noir.png","contentUrl":"https:\/\/sansdemi-mesure.ma\/wp-content\/uploads\/2023\/04\/Logo-noir.png","width":3901,"height":1305,"caption":"Sans Demi Mesure"},"image":{"@id":"https:\/\/sansdemi-mesure.ma\/#\/schema\/logo\/image\/"},"sameAs":["https:\/\/web.facebook.com\/sansdemimesuree\/","https:\/\/www.instagram.com\/sansdemi_mesure\/"]}]}},"jetpack_publicize_connections":[],"jetpack_sharing_enabled":true,"_links":{"self":[{"href":"https:\/\/sansdemi-mesure.ma\/en\/wp-json\/wp\/v2\/product\/9118","targetHints":{"allow":["GET"]}}],"collection":[{"href":"https:\/\/sansdemi-mesure.ma\/en\/wp-json\/wp\/v2\/product"}],"about":[{"href":"https:\/\/sansdemi-mesure.ma\/en\/wp-json\/wp\/v2\/types\/product"}],"replies":[{"embeddable":true,"href":"https:\/\/sansdemi-mesure.ma\/en\/wp-json\/wp\/v2\/comments?post=9118"}],"wp:featuredmedia":[{"embeddable":true,"href":"https:\/\/sansdemi-mesure.ma\/en\/wp-json\/wp\/v2\/media\/9055"}],"wp:attachment":[{"href":"https:\/\/sansdemi-mesure.ma\/en\/wp-json\/wp\/v2\/media?parent=9118"}],"wp:term":[{"taxonomy":"product_brand","embeddable":true,"href":"https:\/\/sansdemi-mesure.ma\/en\/wp-json\/wp\/v2\/product_brand?post=9118"},{"taxonomy":"product_cat","embeddable":true,"href":"https:\/\/sansdemi-mesure.ma\/en\/wp-json\/wp\/v2\/product_cat?post=9118"},{"taxonomy":"product_tag","embeddable":true,"href":"https:\/\/sansdemi-mesure.ma\/en\/wp-json\/wp\/v2\/product_tag?post=9118"}],"curies":[{"name":"wp","href":"https:\/\/api.w.org\/{rel}","templated":true}]}}