{"id":9087,"date":"2024-03-04T06:29:17","date_gmt":"2024-03-04T06:29:17","guid":{"rendered":"https:\/\/sansdemi-mesure.ma\/?post_type=product&#038;p=9087"},"modified":"2025-06-27T20:51:37","modified_gmt":"2025-06-27T20:51:37","slug":"abaya-almaa-soie-de-medine","status":"publish","type":"product","link":"https:\/\/sansdemi-mesure.ma\/en\/product\/abaya-almaa-soie-de-medine\/","title":{"rendered":"Abaya Almaa soie de medine"},"content":{"rendered":"<p>D\u00e9couvrez la <a href=\"https:\/\/www.instagram.com\/reel\/C-VfYS-IxYA\/?igsh=MTVnank0aHJqYXgzMQ==\">Abaya Almaa soie de medine<\/a>, une pi\u00e8ce raffin\u00e9e qui allie tradition et modernit\u00e9. Con\u00e7ue dans un tissu fluide et lumineux, cette abaya offre un effet soyeux et brillant tout en \u00e9tant l\u00e9g\u00e8re et confortable. **Cependant, il est important de pr\u00e9ciser que la \u00ab\u00a0soie de M\u00e9dine\u00a0\u00bb est une **appellation commerciale* et non un tissu sp\u00e9cifique : il s\u2019agit en r\u00e9alit\u00e9 d\u2019un polyester de haute qualit\u00e9 imitant parfaitement la douceur et l\u2019\u00e9clat de la soie.<\/p>\n<p>Avec une longueur de 145 cm, cette abaya convient aux tailles **36 \u00e0 44. S\u2019adaptant \u00e0 toutes les morphologies tout en garantissant une coupe \u00e9l\u00e9gante et ajust\u00e9e. De plus, les n\u0153uds \u00e0 nouer aux poignets ajoutent une touche de sophistication et de personnalisation.<\/p>\n<p>Pourquoi choisir l\u2019Abaya Almaa ?<br \/>\nTout d\u2019abord, elle est disponible en une dizaine de couleurs, ce qui permet de l\u2019adapter \u00e0 toutes les envies et occasions. **Que ce soit* pour un \u00e9v\u00e9nement sp\u00e9cial comme l\u2019A\u00efd ou le Ramadan, \u00a0pour un usage quotidien. Cette abaya apporte une touche d\u2019\u00e9l\u00e9gance discr\u00e8te. Son tissu fluide et ses d\u00e9tails raffin\u00e9s en font une pi\u00e8ce incontournable de votre garde-robe.<\/p>\n<p>*Un cadeau id\u00e9al*<br \/>\nPar ailleurs, cette abaya est un cadeau parfait \u00e0 offrir \u00e0 une proche. Son design intemporel et sa polyvalence en font un pr\u00e9sent appr\u00e9ci\u00e9 et utile.<\/p>\n<p>*Disponible d\u00e8s maintenant*<br \/>\nAvec ses finitions soign\u00e9es et son confort in\u00e9gal\u00e9, l\u2019Abaya Almaa soie de medine est un must-have pour toutes les femmes modernes. **Alors*, n\u2019attendez plus : commandez d\u00e8s aujourd\u2019hui et laissez-vous s\u00e9duire par son charme intemporel !<\/p>\n<p><span style=\"color: #808080;\"><em><a href=\"https:\/\/sansdemi-mesure.ma\/en\/?s=soie de medine&amp;post_type=product\"><strong>La soie de M\u00e9dine<\/strong><\/a>\u00a0n\u2019est pas une mati\u00e8re \u00e0 proprement parler elle\u00a0est essentiellement compos\u00e9 de polyester. Il s\u2019agit de l\u2019appellation reconnue pour d\u00e9signer un tissu souple, fluide, soyeux et opaque \u00e0 la fois. Elle est compos\u00e9e de diff\u00e9rentes fibres synth\u00e9tiques<\/em><\/span><\/p>","protected":false},"excerpt":{"rendered":"<p>Convient du 36 au 44<br \/>\n145 cm de long<\/p>","protected":false},"featured_media":14856,"comment_status":"open","ping_status":"closed","template":"","meta":[],"product_brand":[],"product_cat":[24,27],"product_tag":[],"class_list":{"0":"post-9087","1":"product","2":"type-product","3":"status-publish","4":"has-post-thumbnail","6":"product_cat-abaya-robe","7":"product_cat-nouveautes","9":"first","10":"instock","11":"taxable","12":"shipping-taxable","13":"purchasable","14":"product-type-variable"},"yoast_head":"<!-- This site is optimized with the Yoast SEO plugin v24.3 - https:\/\/yoast.com\/wordpress\/plugins\/seo\/ -->\n<title>Abaya Almaa soie de medine - Sans Demi Mesure<\/title>\n<meta name=\"description\" content=\"Sans Demi Mesure - Abaya Almaa soie de medine - Boutique de la femme musulmane \u00e0 petits prix - hijeb, khimar, kimono, robe longue...\" \/>\n<meta name=\"robots\" content=\"index, follow, max-snippet:-1, max-image-preview:large, max-video-preview:-1\" \/>\n<link rel=\"canonical\" href=\"https:\/\/sansdemi-mesure.ma\/en\/product\/abaya-almaa-soie-de-medine\/\" \/>\n<meta property=\"og:locale\" content=\"en_US\" \/>\n<meta property=\"og:type\" content=\"article\" \/>\n<meta property=\"og:title\" content=\"Abaya Almaa soie de medine - Sans Demi Mesure\" \/>\n<meta property=\"og:description\" content=\"Sans Demi Mesure - Abaya Almaa soie de medine - Boutique de la femme musulmane \u00e0 petits prix - hijeb, khimar, kimono, robe longue...\" \/>\n<meta property=\"og:url\" content=\"https:\/\/sansdemi-mesure.ma\/en\/product\/abaya-almaa-soie-de-medine\/\" \/>\n<meta property=\"og:site_name\" content=\"Sans Demi Mesure\" \/>\n<meta property=\"article:publisher\" content=\"https:\/\/web.facebook.com\/sansdemimesuree\/\" \/>\n<meta property=\"article:modified_time\" content=\"2025-06-27T20:51:37+00:00\" \/>\n<meta property=\"og:image\" content=\"https:\/\/sansdemi-mesure.ma\/wp-content\/uploads\/2024\/03\/PhotoRoom_027_20240303_194536-1.jpeg\" \/>\n\t<meta property=\"og:image:width\" content=\"1350\" \/>\n\t<meta property=\"og:image:height\" content=\"2400\" \/>\n\t<meta property=\"og:image:type\" content=\"image\/jpeg\" \/>\n<meta name=\"twitter:card\" content=\"summary_large_image\" \/>\n<meta name=\"twitter:label1\" content=\"Est. reading time\" \/>\n\t<meta name=\"twitter:data1\" content=\"2 minutes\" \/>\n<script type=\"application\/ld+json\" class=\"yoast-schema-graph\">{\"@context\":\"https:\/\/schema.org\",\"@graph\":[{\"@type\":\"WebPage\",\"@id\":\"https:\/\/sansdemi-mesure.ma\/produit\/abaya-almaa-soie-de-medine\/\",\"url\":\"https:\/\/sansdemi-mesure.ma\/produit\/abaya-almaa-soie-de-medine\/\",\"name\":\"Abaya Almaa soie de medine - Sans Demi Mesure\",\"isPartOf\":{\"@id\":\"https:\/\/sansdemi-mesure.ma\/#website\"},\"primaryImageOfPage\":{\"@id\":\"https:\/\/sansdemi-mesure.ma\/produit\/abaya-almaa-soie-de-medine\/#primaryimage\"},\"image\":{\"@id\":\"https:\/\/sansdemi-mesure.ma\/produit\/abaya-almaa-soie-de-medine\/#primaryimage\"},\"thumbnailUrl\":\"https:\/\/sansdemi-mesure.ma\/wp-content\/uploads\/2024\/03\/PhotoRoom_027_20240303_194536-1.jpeg\",\"datePublished\":\"2024-03-04T06:29:17+00:00\",\"dateModified\":\"2025-06-27T20:51:37+00:00\",\"description\":\"Sans Demi Mesure - Abaya Almaa soie de medine - Boutique de la femme musulmane \u00e0 petits prix - hijeb, khimar, kimono, robe longue...\",\"breadcrumb\":{\"@id\":\"https:\/\/sansdemi-mesure.ma\/produit\/abaya-almaa-soie-de-medine\/#breadcrumb\"},\"inLanguage\":\"en-US\",\"potentialAction\":[{\"@type\":\"ReadAction\",\"target\":[\"https:\/\/sansdemi-mesure.ma\/produit\/abaya-almaa-soie-de-medine\/\"]}]},{\"@type\":\"ImageObject\",\"inLanguage\":\"en-US\",\"@id\":\"https:\/\/sansdemi-mesure.ma\/produit\/abaya-almaa-soie-de-medine\/#primaryimage\",\"url\":\"https:\/\/sansdemi-mesure.ma\/wp-content\/uploads\/2024\/03\/PhotoRoom_027_20240303_194536-1.jpeg\",\"contentUrl\":\"https:\/\/sansdemi-mesure.ma\/wp-content\/uploads\/2024\/03\/PhotoRoom_027_20240303_194536-1.jpeg\",\"width\":1350,\"height\":2400},{\"@type\":\"BreadcrumbList\",\"@id\":\"https:\/\/sansdemi-mesure.ma\/produit\/abaya-almaa-soie-de-medine\/#breadcrumb\",\"itemListElement\":[{\"@type\":\"ListItem\",\"position\":1,\"name\":\"Accueil\",\"item\":\"https:\/\/sansdemi-mesure.ma\/\"},{\"@type\":\"ListItem\",\"position\":2,\"name\":\"Boutique\",\"item\":\"https:\/\/sansdemi-mesure.ma\/boutique\/\"},{\"@type\":\"ListItem\",\"position\":3,\"name\":\"Abaya Almaa soie de medine\"}]},{\"@type\":\"WebSite\",\"@id\":\"https:\/\/sansdemi-mesure.ma\/#website\",\"url\":\"https:\/\/sansdemi-mesure.ma\/\",\"name\":\"Sans Demi Mesure\",\"description\":\"Pr\u00eat \u00e0 porter feminin\",\"publisher\":{\"@id\":\"https:\/\/sansdemi-mesure.ma\/#organization\"},\"potentialAction\":[{\"@type\":\"SearchAction\",\"target\":{\"@type\":\"EntryPoint\",\"urlTemplate\":\"https:\/\/sansdemi-mesure.ma\/?s={search_term_string}\"},\"query-input\":{\"@type\":\"PropertyValueSpecification\",\"valueRequired\":true,\"valueName\":\"search_term_string\"}}],\"inLanguage\":\"en-US\"},{\"@type\":\"Organization\",\"@id\":\"https:\/\/sansdemi-mesure.ma\/#organization\",\"name\":\"Sans Demi Mesure\",\"url\":\"https:\/\/sansdemi-mesure.ma\/\",\"logo\":{\"@type\":\"ImageObject\",\"inLanguage\":\"en-US\",\"@id\":\"https:\/\/sansdemi-mesure.ma\/#\/schema\/logo\/image\/\",\"url\":\"https:\/\/sansdemi-mesure.ma\/wp-content\/uploads\/2023\/04\/Logo-noir.png\",\"contentUrl\":\"https:\/\/sansdemi-mesure.ma\/wp-content\/uploads\/2023\/04\/Logo-noir.png\",\"width\":3901,\"height\":1305,\"caption\":\"Sans Demi Mesure\"},\"image\":{\"@id\":\"https:\/\/sansdemi-mesure.ma\/#\/schema\/logo\/image\/\"},\"sameAs\":[\"https:\/\/web.facebook.com\/sansdemimesuree\/\",\"https:\/\/www.instagram.com\/sansdemi_mesure\/\"]}]}<\/script>\n<!-- \/ Yoast SEO plugin. -->","yoast_head_json":{"title":"Abaya Almaa soie de medine - Sans Demi Mesure","description":"Sans Demi Mesure - Abaya Almaa soie de medine - Boutique de la femme musulmane \u00e0 petits prix - hijeb, khimar, kimono, robe longue...","robots":{"index":"index","follow":"follow","max-snippet":"max-snippet:-1","max-image-preview":"max-image-preview:large","max-video-preview":"max-video-preview:-1"},"canonical":"https:\/\/sansdemi-mesure.ma\/en\/product\/abaya-almaa-soie-de-medine\/","og_locale":"en_US","og_type":"article","og_title":"Abaya Almaa soie de medine - Sans Demi Mesure","og_description":"Sans Demi Mesure - Abaya Almaa soie de medine - Boutique de la femme musulmane \u00e0 petits prix - hijeb, khimar, kimono, robe longue...","og_url":"https:\/\/sansdemi-mesure.ma\/en\/product\/abaya-almaa-soie-de-medine\/","og_site_name":"Sans Demi Mesure","article_publisher":"https:\/\/web.facebook.com\/sansdemimesuree\/","article_modified_time":"2025-06-27T20:51:37+00:00","og_image":[{"width":1350,"height":2400,"url":"https:\/\/sansdemi-mesure.ma\/wp-content\/uploads\/2024\/03\/PhotoRoom_027_20240303_194536-1.jpeg","type":"image\/jpeg"}],"twitter_card":"summary_large_image","twitter_misc":{"Est. reading time":"2 minutes"},"schema":{"@context":"https:\/\/schema.org","@graph":[{"@type":"WebPage","@id":"https:\/\/sansdemi-mesure.ma\/produit\/abaya-almaa-soie-de-medine\/","url":"https:\/\/sansdemi-mesure.ma\/produit\/abaya-almaa-soie-de-medine\/","name":"Abaya Almaa soie de medine - Sans Demi Mesure","isPartOf":{"@id":"https:\/\/sansdemi-mesure.ma\/#website"},"primaryImageOfPage":{"@id":"https:\/\/sansdemi-mesure.ma\/produit\/abaya-almaa-soie-de-medine\/#primaryimage"},"image":{"@id":"https:\/\/sansdemi-mesure.ma\/produit\/abaya-almaa-soie-de-medine\/#primaryimage"},"thumbnailUrl":"https:\/\/sansdemi-mesure.ma\/wp-content\/uploads\/2024\/03\/PhotoRoom_027_20240303_194536-1.jpeg","datePublished":"2024-03-04T06:29:17+00:00","dateModified":"2025-06-27T20:51:37+00:00","description":"Sans Demi Mesure - Abaya Almaa soie de medine - Boutique de la femme musulmane \u00e0 petits prix - hijeb, khimar, kimono, robe longue...","breadcrumb":{"@id":"https:\/\/sansdemi-mesure.ma\/produit\/abaya-almaa-soie-de-medine\/#breadcrumb"},"inLanguage":"en-US","potentialAction":[{"@type":"ReadAction","target":["https:\/\/sansdemi-mesure.ma\/produit\/abaya-almaa-soie-de-medine\/"]}]},{"@type":"ImageObject","inLanguage":"en-US","@id":"https:\/\/sansdemi-mesure.ma\/produit\/abaya-almaa-soie-de-medine\/#primaryimage","url":"https:\/\/sansdemi-mesure.ma\/wp-content\/uploads\/2024\/03\/PhotoRoom_027_20240303_194536-1.jpeg","contentUrl":"https:\/\/sansdemi-mesure.ma\/wp-content\/uploads\/2024\/03\/PhotoRoom_027_20240303_194536-1.jpeg","width":1350,"height":2400},{"@type":"BreadcrumbList","@id":"https:\/\/sansdemi-mesure.ma\/produit\/abaya-almaa-soie-de-medine\/#breadcrumb","itemListElement":[{"@type":"ListItem","position":1,"name":"Accueil","item":"https:\/\/sansdemi-mesure.ma\/"},{"@type":"ListItem","position":2,"name":"Boutique","item":"https:\/\/sansdemi-mesure.ma\/boutique\/"},{"@type":"ListItem","position":3,"name":"Abaya Almaa soie de medine"}]},{"@type":"WebSite","@id":"https:\/\/sansdemi-mesure.ma\/#website","url":"https:\/\/sansdemi-mesure.ma\/","name":"Sans Demi Mesure","description":"Pr\u00eat \u00e0 porter feminin","publisher":{"@id":"https:\/\/sansdemi-mesure.ma\/#organization"},"potentialAction":[{"@type":"SearchAction","target":{"@type":"EntryPoint","urlTemplate":"https:\/\/sansdemi-mesure.ma\/?s={search_term_string}"},"query-input":{"@type":"PropertyValueSpecification","valueRequired":true,"valueName":"search_term_string"}}],"inLanguage":"en-US"},{"@type":"Organization","@id":"https:\/\/sansdemi-mesure.ma\/#organization","name":"Sans Demi Mesure","url":"https:\/\/sansdemi-mesure.ma\/","logo":{"@type":"ImageObject","inLanguage":"en-US","@id":"https:\/\/sansdemi-mesure.ma\/#\/schema\/logo\/image\/","url":"https:\/\/sansdemi-mesure.ma\/wp-content\/uploads\/2023\/04\/Logo-noir.png","contentUrl":"https:\/\/sansdemi-mesure.ma\/wp-content\/uploads\/2023\/04\/Logo-noir.png","width":3901,"height":1305,"caption":"Sans Demi Mesure"},"image":{"@id":"https:\/\/sansdemi-mesure.ma\/#\/schema\/logo\/image\/"},"sameAs":["https:\/\/web.facebook.com\/sansdemimesuree\/","https:\/\/www.instagram.com\/sansdemi_mesure\/"]}]}},"jetpack_publicize_connections":[],"jetpack_sharing_enabled":true,"_links":{"self":[{"href":"https:\/\/sansdemi-mesure.ma\/en\/wp-json\/wp\/v2\/product\/9087","targetHints":{"allow":["GET"]}}],"collection":[{"href":"https:\/\/sansdemi-mesure.ma\/en\/wp-json\/wp\/v2\/product"}],"about":[{"href":"https:\/\/sansdemi-mesure.ma\/en\/wp-json\/wp\/v2\/types\/product"}],"replies":[{"embeddable":true,"href":"https:\/\/sansdemi-mesure.ma\/en\/wp-json\/wp\/v2\/comments?post=9087"}],"wp:featuredmedia":[{"embeddable":true,"href":"https:\/\/sansdemi-mesure.ma\/en\/wp-json\/wp\/v2\/media\/14856"}],"wp:attachment":[{"href":"https:\/\/sansdemi-mesure.ma\/en\/wp-json\/wp\/v2\/media?parent=9087"}],"wp:term":[{"taxonomy":"product_brand","embeddable":true,"href":"https:\/\/sansdemi-mesure.ma\/en\/wp-json\/wp\/v2\/product_brand?post=9087"},{"taxonomy":"product_cat","embeddable":true,"href":"https:\/\/sansdemi-mesure.ma\/en\/wp-json\/wp\/v2\/product_cat?post=9087"},{"taxonomy":"product_tag","embeddable":true,"href":"https:\/\/sansdemi-mesure.ma\/en\/wp-json\/wp\/v2\/product_tag?post=9087"}],"curies":[{"name":"wp","href":"https:\/\/api.w.org\/{rel}","templated":true}]}}