{"id":8623,"date":"2024-02-05T00:43:12","date_gmt":"2024-02-05T00:43:12","guid":{"rendered":"https:\/\/sansdemi-mesure.ma\/?post_type=product&#038;p=8623"},"modified":"2025-06-27T16:38:30","modified_gmt":"2025-06-27T16:38:30","slug":"abaya-lina-jazz","status":"publish","type":"product","link":"https:\/\/sansdemi-mesure.ma\/en\/product\/abaya-lina-jazz\/","title":{"rendered":"Abaya Lina jazz"},"content":{"rendered":"<p>Abaya Lina jazz<\/p>\n<p>&nbsp;<\/p>\n<p>Optez pour la abaya Lina jazz , cette robe longue alliant confort et raffinement. Confectionn\u00e9e en tissu jazz, elle offre une allure fluide et \u00e9l\u00e9gante, parfaite pour toutes les occasions.<\/p>\n<p>Caract\u00e9ristiques :<\/p>\n<p>\u2022Mati\u00e8re : Tissu jazz, doux, l\u00e9ger et agr\u00e9able \u00e0 porter.<br \/>\n\u2022Taille : Unique, s\u2019adaptant \u00e0 toutes les morphologies gr\u00e2ce \u00e0 sa coupe ample.<br \/>\n\u2022Longueur : Robe longue id\u00e9ale pour un look \u00e9l\u00e9gant et une couverture compl\u00e8te.<br \/>\n\u2022Manches : Longues et l\u00e9g\u00e8rement bouffantes, avec des poignets \u00e9lastiqu\u00e9s .<br \/>\n\u2022Encolure : Col rond classique, intemporel et \u00e9pur\u00e9.<br \/>\n\u2022Coupe : Ample avec des fronces sous la poitrine, offrant une silhouette fluide et f\u00e9minine.<\/p>\n<p>Avantages :<\/p>\n<p>\u2022Confort exceptionnel gr\u00e2ce \u00e0 son tissu l\u00e9ger et respirant.<br \/>\n\u2022Design intemporel, parfait pour des occasions formelles ou d\u00e9contract\u00e9es.<br \/>\n\u2022S\u2019adapte facilement \u00e0 diff\u00e9rents styles et accessoires.<\/p>\n<p><strong>Conseils de Style :<br \/>\n<\/strong>Portez <a href=\"https:\/\/www.instagram.com\/reel\/DEIy5RnIvc5\/?igsh=NGJmaGttOW1iNG1n\">cette robe<\/a> avec des talons pour un look chic ou des baskets pour une allure d\u00e9contract\u00e9e. Associez-la \u00e0 un foulard ou des bijoux pour personnaliser votre tenue selon l\u2019occasion.<\/p>\n<p><strong>Entretien :<\/strong><br \/>\nLavage en machine \u00e0 basse temp\u00e9rature ou \u00e0 la main pour pr\u00e9server la qualit\u00e9 et la souplesse du tissu jazz.<\/p>\n<p>Commandez d\u00e8s maintenant pour ajouter une pi\u00e8ce polyvalente et \u00e9l\u00e9gante \u00e0 <a href=\"https:\/\/sansdemi-mesure.ma\/en\/product-category\/abaya-robe\/\">votre garde-robe<\/a> !<\/p>\n<p>&nbsp;<\/p>\n<p><span style=\"color: #94347a;\"><strong>Pour TOI MA SOEUR<\/strong> : Qu\u2019Allah embellisse nos c\u0153urs par la foi et nous accorde la vraie beaut\u00e9, celle qui ne fane jamais.<\/span><\/p>","protected":false},"excerpt":{"rendered":"<p>Convient du 36 au 44<br \/>\n145cm de long<\/p>","protected":false},"featured_media":9205,"comment_status":"open","ping_status":"closed","template":"","meta":[],"product_brand":[],"product_cat":[24,27],"product_tag":[],"class_list":{"0":"post-8623","1":"product","2":"type-product","3":"status-publish","4":"has-post-thumbnail","6":"product_cat-abaya-robe","7":"product_cat-nouveautes","9":"first","10":"instock","11":"taxable","12":"shipping-taxable","13":"purchasable","14":"product-type-variable"},"yoast_head":"<!-- This site is optimized with the Yoast SEO plugin v24.3 - https:\/\/yoast.com\/wordpress\/plugins\/seo\/ -->\n<title>Abaya Lina jazz - Sans Demi Mesure<\/title>\n<meta name=\"description\" content=\"Sans Demi Mesure Abaya Lina jazz - Boutique pour femmes musulmane - hijab tendance modeste fashion - large choix de robes longues pas cher - Abaya duba\u00ef\" \/>\n<meta name=\"robots\" content=\"index, follow, max-snippet:-1, max-image-preview:large, max-video-preview:-1\" \/>\n<link rel=\"canonical\" href=\"https:\/\/sansdemi-mesure.ma\/en\/product\/abaya-lina-jazz\/\" \/>\n<meta property=\"og:locale\" content=\"en_US\" \/>\n<meta property=\"og:type\" content=\"article\" \/>\n<meta property=\"og:title\" content=\"Abaya Lina jazz - Sans Demi Mesure\" \/>\n<meta property=\"og:description\" content=\"Sans Demi Mesure Abaya Lina jazz - Boutique pour femmes musulmane - hijab tendance modeste fashion - large choix de robes longues pas cher - Abaya duba\u00ef\" \/>\n<meta property=\"og:url\" content=\"https:\/\/sansdemi-mesure.ma\/en\/product\/abaya-lina-jazz\/\" \/>\n<meta property=\"og:site_name\" content=\"Sans Demi Mesure\" \/>\n<meta property=\"article:publisher\" content=\"https:\/\/web.facebook.com\/sansdemimesuree\/\" \/>\n<meta property=\"article:modified_time\" content=\"2025-06-27T16:38:30+00:00\" \/>\n<meta property=\"og:image\" content=\"https:\/\/sansdemi-mesure.ma\/wp-content\/uploads\/2024\/03\/PhotoRoom_012_20240306_222900.jpeg\" \/>\n\t<meta property=\"og:image:width\" content=\"1350\" \/>\n\t<meta property=\"og:image:height\" content=\"2400\" \/>\n\t<meta property=\"og:image:type\" content=\"image\/jpeg\" \/>\n<meta name=\"twitter:card\" content=\"summary_large_image\" \/>\n<meta name=\"twitter:label1\" content=\"Est. reading time\" \/>\n\t<meta name=\"twitter:data1\" content=\"2 minutes\" \/>\n<script type=\"application\/ld+json\" class=\"yoast-schema-graph\">{\"@context\":\"https:\/\/schema.org\",\"@graph\":[{\"@type\":\"WebPage\",\"@id\":\"https:\/\/sansdemi-mesure.ma\/produit\/abaya-lina-jazz\/\",\"url\":\"https:\/\/sansdemi-mesure.ma\/produit\/abaya-lina-jazz\/\",\"name\":\"Abaya Lina jazz - Sans Demi Mesure\",\"isPartOf\":{\"@id\":\"https:\/\/sansdemi-mesure.ma\/#website\"},\"primaryImageOfPage\":{\"@id\":\"https:\/\/sansdemi-mesure.ma\/produit\/abaya-lina-jazz\/#primaryimage\"},\"image\":{\"@id\":\"https:\/\/sansdemi-mesure.ma\/produit\/abaya-lina-jazz\/#primaryimage\"},\"thumbnailUrl\":\"https:\/\/sansdemi-mesure.ma\/wp-content\/uploads\/2024\/03\/PhotoRoom_012_20240306_222900.jpeg\",\"datePublished\":\"2024-02-05T00:43:12+00:00\",\"dateModified\":\"2025-06-27T16:38:30+00:00\",\"description\":\"Sans Demi Mesure Abaya Lina jazz - Boutique pour femmes musulmane - hijab tendance modeste fashion - large choix de robes longues pas cher - Abaya duba\u00ef\",\"breadcrumb\":{\"@id\":\"https:\/\/sansdemi-mesure.ma\/produit\/abaya-lina-jazz\/#breadcrumb\"},\"inLanguage\":\"en-US\",\"potentialAction\":[{\"@type\":\"ReadAction\",\"target\":[\"https:\/\/sansdemi-mesure.ma\/produit\/abaya-lina-jazz\/\"]}]},{\"@type\":\"ImageObject\",\"inLanguage\":\"en-US\",\"@id\":\"https:\/\/sansdemi-mesure.ma\/produit\/abaya-lina-jazz\/#primaryimage\",\"url\":\"https:\/\/sansdemi-mesure.ma\/wp-content\/uploads\/2024\/03\/PhotoRoom_012_20240306_222900.jpeg\",\"contentUrl\":\"https:\/\/sansdemi-mesure.ma\/wp-content\/uploads\/2024\/03\/PhotoRoom_012_20240306_222900.jpeg\",\"width\":1350,\"height\":2400,\"caption\":\"abaya lina jazz\"},{\"@type\":\"BreadcrumbList\",\"@id\":\"https:\/\/sansdemi-mesure.ma\/produit\/abaya-lina-jazz\/#breadcrumb\",\"itemListElement\":[{\"@type\":\"ListItem\",\"position\":1,\"name\":\"Accueil\",\"item\":\"https:\/\/sansdemi-mesure.ma\/\"},{\"@type\":\"ListItem\",\"position\":2,\"name\":\"Boutique\",\"item\":\"https:\/\/sansdemi-mesure.ma\/boutique\/\"},{\"@type\":\"ListItem\",\"position\":3,\"name\":\"Abaya Lina jazz\"}]},{\"@type\":\"WebSite\",\"@id\":\"https:\/\/sansdemi-mesure.ma\/#website\",\"url\":\"https:\/\/sansdemi-mesure.ma\/\",\"name\":\"Sans Demi Mesure\",\"description\":\"Pr\u00eat \u00e0 porter feminin\",\"publisher\":{\"@id\":\"https:\/\/sansdemi-mesure.ma\/#organization\"},\"potentialAction\":[{\"@type\":\"SearchAction\",\"target\":{\"@type\":\"EntryPoint\",\"urlTemplate\":\"https:\/\/sansdemi-mesure.ma\/?s={search_term_string}\"},\"query-input\":{\"@type\":\"PropertyValueSpecification\",\"valueRequired\":true,\"valueName\":\"search_term_string\"}}],\"inLanguage\":\"en-US\"},{\"@type\":\"Organization\",\"@id\":\"https:\/\/sansdemi-mesure.ma\/#organization\",\"name\":\"Sans Demi Mesure\",\"url\":\"https:\/\/sansdemi-mesure.ma\/\",\"logo\":{\"@type\":\"ImageObject\",\"inLanguage\":\"en-US\",\"@id\":\"https:\/\/sansdemi-mesure.ma\/#\/schema\/logo\/image\/\",\"url\":\"https:\/\/sansdemi-mesure.ma\/wp-content\/uploads\/2023\/04\/Logo-noir.png\",\"contentUrl\":\"https:\/\/sansdemi-mesure.ma\/wp-content\/uploads\/2023\/04\/Logo-noir.png\",\"width\":3901,\"height\":1305,\"caption\":\"Sans Demi Mesure\"},\"image\":{\"@id\":\"https:\/\/sansdemi-mesure.ma\/#\/schema\/logo\/image\/\"},\"sameAs\":[\"https:\/\/web.facebook.com\/sansdemimesuree\/\",\"https:\/\/www.instagram.com\/sansdemi_mesure\/\"]}]}<\/script>\n<!-- \/ Yoast SEO plugin. -->","yoast_head_json":{"title":"Abaya Lina jazz - Sans Demi Mesure","description":"Sans Demi Mesure Abaya Lina jazz - Boutique pour femmes musulmane - hijab tendance modeste fashion - large choix de robes longues pas cher - Abaya duba\u00ef","robots":{"index":"index","follow":"follow","max-snippet":"max-snippet:-1","max-image-preview":"max-image-preview:large","max-video-preview":"max-video-preview:-1"},"canonical":"https:\/\/sansdemi-mesure.ma\/en\/product\/abaya-lina-jazz\/","og_locale":"en_US","og_type":"article","og_title":"Abaya Lina jazz - Sans Demi Mesure","og_description":"Sans Demi Mesure Abaya Lina jazz - Boutique pour femmes musulmane - hijab tendance modeste fashion - large choix de robes longues pas cher - Abaya duba\u00ef","og_url":"https:\/\/sansdemi-mesure.ma\/en\/product\/abaya-lina-jazz\/","og_site_name":"Sans Demi Mesure","article_publisher":"https:\/\/web.facebook.com\/sansdemimesuree\/","article_modified_time":"2025-06-27T16:38:30+00:00","og_image":[{"width":1350,"height":2400,"url":"https:\/\/sansdemi-mesure.ma\/wp-content\/uploads\/2024\/03\/PhotoRoom_012_20240306_222900.jpeg","type":"image\/jpeg"}],"twitter_card":"summary_large_image","twitter_misc":{"Est. reading time":"2 minutes"},"schema":{"@context":"https:\/\/schema.org","@graph":[{"@type":"WebPage","@id":"https:\/\/sansdemi-mesure.ma\/produit\/abaya-lina-jazz\/","url":"https:\/\/sansdemi-mesure.ma\/produit\/abaya-lina-jazz\/","name":"Abaya Lina jazz - Sans Demi Mesure","isPartOf":{"@id":"https:\/\/sansdemi-mesure.ma\/#website"},"primaryImageOfPage":{"@id":"https:\/\/sansdemi-mesure.ma\/produit\/abaya-lina-jazz\/#primaryimage"},"image":{"@id":"https:\/\/sansdemi-mesure.ma\/produit\/abaya-lina-jazz\/#primaryimage"},"thumbnailUrl":"https:\/\/sansdemi-mesure.ma\/wp-content\/uploads\/2024\/03\/PhotoRoom_012_20240306_222900.jpeg","datePublished":"2024-02-05T00:43:12+00:00","dateModified":"2025-06-27T16:38:30+00:00","description":"Sans Demi Mesure Abaya Lina jazz - Boutique pour femmes musulmane - hijab tendance modeste fashion - large choix de robes longues pas cher - Abaya duba\u00ef","breadcrumb":{"@id":"https:\/\/sansdemi-mesure.ma\/produit\/abaya-lina-jazz\/#breadcrumb"},"inLanguage":"en-US","potentialAction":[{"@type":"ReadAction","target":["https:\/\/sansdemi-mesure.ma\/produit\/abaya-lina-jazz\/"]}]},{"@type":"ImageObject","inLanguage":"en-US","@id":"https:\/\/sansdemi-mesure.ma\/produit\/abaya-lina-jazz\/#primaryimage","url":"https:\/\/sansdemi-mesure.ma\/wp-content\/uploads\/2024\/03\/PhotoRoom_012_20240306_222900.jpeg","contentUrl":"https:\/\/sansdemi-mesure.ma\/wp-content\/uploads\/2024\/03\/PhotoRoom_012_20240306_222900.jpeg","width":1350,"height":2400,"caption":"abaya lina jazz"},{"@type":"BreadcrumbList","@id":"https:\/\/sansdemi-mesure.ma\/produit\/abaya-lina-jazz\/#breadcrumb","itemListElement":[{"@type":"ListItem","position":1,"name":"Accueil","item":"https:\/\/sansdemi-mesure.ma\/"},{"@type":"ListItem","position":2,"name":"Boutique","item":"https:\/\/sansdemi-mesure.ma\/boutique\/"},{"@type":"ListItem","position":3,"name":"Abaya Lina jazz"}]},{"@type":"WebSite","@id":"https:\/\/sansdemi-mesure.ma\/#website","url":"https:\/\/sansdemi-mesure.ma\/","name":"Sans Demi Mesure","description":"Pr\u00eat \u00e0 porter feminin","publisher":{"@id":"https:\/\/sansdemi-mesure.ma\/#organization"},"potentialAction":[{"@type":"SearchAction","target":{"@type":"EntryPoint","urlTemplate":"https:\/\/sansdemi-mesure.ma\/?s={search_term_string}"},"query-input":{"@type":"PropertyValueSpecification","valueRequired":true,"valueName":"search_term_string"}}],"inLanguage":"en-US"},{"@type":"Organization","@id":"https:\/\/sansdemi-mesure.ma\/#organization","name":"Sans Demi Mesure","url":"https:\/\/sansdemi-mesure.ma\/","logo":{"@type":"ImageObject","inLanguage":"en-US","@id":"https:\/\/sansdemi-mesure.ma\/#\/schema\/logo\/image\/","url":"https:\/\/sansdemi-mesure.ma\/wp-content\/uploads\/2023\/04\/Logo-noir.png","contentUrl":"https:\/\/sansdemi-mesure.ma\/wp-content\/uploads\/2023\/04\/Logo-noir.png","width":3901,"height":1305,"caption":"Sans Demi Mesure"},"image":{"@id":"https:\/\/sansdemi-mesure.ma\/#\/schema\/logo\/image\/"},"sameAs":["https:\/\/web.facebook.com\/sansdemimesuree\/","https:\/\/www.instagram.com\/sansdemi_mesure\/"]}]}},"jetpack_publicize_connections":[],"jetpack_sharing_enabled":true,"_links":{"self":[{"href":"https:\/\/sansdemi-mesure.ma\/en\/wp-json\/wp\/v2\/product\/8623","targetHints":{"allow":["GET"]}}],"collection":[{"href":"https:\/\/sansdemi-mesure.ma\/en\/wp-json\/wp\/v2\/product"}],"about":[{"href":"https:\/\/sansdemi-mesure.ma\/en\/wp-json\/wp\/v2\/types\/product"}],"replies":[{"embeddable":true,"href":"https:\/\/sansdemi-mesure.ma\/en\/wp-json\/wp\/v2\/comments?post=8623"}],"wp:featuredmedia":[{"embeddable":true,"href":"https:\/\/sansdemi-mesure.ma\/en\/wp-json\/wp\/v2\/media\/9205"}],"wp:attachment":[{"href":"https:\/\/sansdemi-mesure.ma\/en\/wp-json\/wp\/v2\/media?parent=8623"}],"wp:term":[{"taxonomy":"product_brand","embeddable":true,"href":"https:\/\/sansdemi-mesure.ma\/en\/wp-json\/wp\/v2\/product_brand?post=8623"},{"taxonomy":"product_cat","embeddable":true,"href":"https:\/\/sansdemi-mesure.ma\/en\/wp-json\/wp\/v2\/product_cat?post=8623"},{"taxonomy":"product_tag","embeddable":true,"href":"https:\/\/sansdemi-mesure.ma\/en\/wp-json\/wp\/v2\/product_tag?post=8623"}],"curies":[{"name":"wp","href":"https:\/\/api.w.org\/{rel}","templated":true}]}}