{"id":8493,"date":"2024-01-27T19:30:46","date_gmt":"2024-01-27T19:30:46","guid":{"rendered":"https:\/\/sansdemi-mesure.ma\/?post_type=product&#038;p=8493"},"modified":"2025-07-08T19:34:04","modified_gmt":"2025-07-08T19:34:04","slug":"jilbeb-basic-jazz","status":"publish","type":"product","link":"https:\/\/sansdemi-mesure.ma\/en\/product\/jilbeb-basic-jazz\/","title":{"rendered":"Jilbeb basic jazz"},"content":{"rendered":"<p>&nbsp;<\/p>\n<p style=\"text-align: center;\">Jilbeb basic jazz<\/p>\n<p>&nbsp;<\/p>\n<p>Le jilbeb est un incontournable \u00e0 avoir dans le dressing de la femme musulmane, afin de couvrir parfaitement ses formes. Elle peux l&rsquo;utiliser pour prier ou pour sortir de chez elle . C&rsquo;est une tenue pratique et facile \u00e0 enfiler.<br \/>\nLe djilbab permet d&rsquo;avoir une tenue mastoura ce qui permets de dissimuler l&rsquo;ensemble du corps \u00e0 l&rsquo;exception du visage et des mains.<\/p>\n<p>Jilbab est composer de deux pi\u00e8ces; une jupe avec \u00e9lastique au niveau de la taille et d&rsquo;une cape avec son hijab integr\u00e9.<br \/>\nLa cape du jilbeb a un bandeau int\u00e9gr\u00e9 \u00e0 nouer au niveau de la nuque.<br \/>\nIl est dot\u00e9 de petits \u00e9lastiques aux poignets pour couvrir vos bras en toutes circonstances.<br \/>\nCe jilbeb basic en jazz est l\u00e9ger et pratique.<\/p>\n<p>Le Jilbeb est l&rsquo;id\u00e9al pour avoir une tenue couvrante l\u00e9gif\u00e8re et pas cher.<br \/>\nD\u00e9couvrez <a href=\"https:\/\/sansdemi-mesure.ma\/en\/product\/jilbab-soie-de-medine-2-pieces\/\">ici <\/a>\u00a0nos <a href=\"https:\/\/www.instagram.com\/reel\/CqdbDn-I5ba\/?igshid=YmMyMTA2M2Y%3D\">jilbebs<\/a> de qualit\u00e9 sup\u00e9rieur<\/p>","protected":false},"excerpt":{"rendered":"<p style=\"text-align: left;\">\u00a0Convient du 36 au 44<\/p>","protected":false},"featured_media":8445,"comment_status":"open","ping_status":"closed","template":"","meta":[],"product_brand":[],"product_cat":[42,27],"product_tag":[],"class_list":{"0":"post-8493","1":"product","2":"type-product","3":"status-publish","4":"has-post-thumbnail","6":"product_cat-jilbab","7":"product_cat-nouveautes","9":"first","10":"instock","11":"taxable","12":"shipping-taxable","13":"purchasable","14":"product-type-variable"},"yoast_head":"<!-- This site is optimized with the Yoast SEO plugin v24.3 - https:\/\/yoast.com\/wordpress\/plugins\/seo\/ -->\n<title>Jilbeb basic jazz - Sans Demi Mesure<\/title>\n<meta name=\"description\" content=\"Sans Demi Mesure - Jilbeb basic jazz - jilbab, jilbeb, khimar , tenues pour la femme musulmane - boutique mastoura mouslima\" \/>\n<meta name=\"robots\" content=\"index, follow, max-snippet:-1, max-image-preview:large, max-video-preview:-1\" \/>\n<link rel=\"canonical\" href=\"https:\/\/sansdemi-mesure.ma\/en\/product\/jilbeb-basic-jazz\/\" \/>\n<meta property=\"og:locale\" content=\"en_US\" \/>\n<meta property=\"og:type\" content=\"article\" \/>\n<meta property=\"og:title\" content=\"Jilbeb basic jazz - Sans Demi Mesure\" \/>\n<meta property=\"og:description\" content=\"Sans Demi Mesure - Jilbeb basic jazz - jilbab, jilbeb, khimar , tenues pour la femme musulmane - boutique mastoura mouslima\" \/>\n<meta property=\"og:url\" content=\"https:\/\/sansdemi-mesure.ma\/en\/product\/jilbeb-basic-jazz\/\" \/>\n<meta property=\"og:site_name\" content=\"Sans Demi Mesure\" \/>\n<meta property=\"article:publisher\" content=\"https:\/\/web.facebook.com\/sansdemimesuree\/\" \/>\n<meta property=\"article:modified_time\" content=\"2025-07-08T19:34:04+00:00\" \/>\n<meta property=\"og:image\" content=\"https:\/\/sansdemi-mesure.ma\/wp-content\/uploads\/2024\/01\/PhotoRoom_011_20240124_232345.jpeg\" \/>\n\t<meta property=\"og:image:width\" content=\"1350\" \/>\n\t<meta property=\"og:image:height\" content=\"2400\" \/>\n\t<meta property=\"og:image:type\" content=\"image\/jpeg\" \/>\n<meta name=\"twitter:card\" content=\"summary_large_image\" \/>\n<meta name=\"twitter:label1\" content=\"Est. reading time\" \/>\n\t<meta name=\"twitter:data1\" content=\"1 minute\" \/>\n<script type=\"application\/ld+json\" class=\"yoast-schema-graph\">{\"@context\":\"https:\/\/schema.org\",\"@graph\":[{\"@type\":\"WebPage\",\"@id\":\"https:\/\/sansdemi-mesure.ma\/produit\/jilbeb-basic-jazz\/\",\"url\":\"https:\/\/sansdemi-mesure.ma\/produit\/jilbeb-basic-jazz\/\",\"name\":\"Jilbeb basic jazz - Sans Demi Mesure\",\"isPartOf\":{\"@id\":\"https:\/\/sansdemi-mesure.ma\/#website\"},\"primaryImageOfPage\":{\"@id\":\"https:\/\/sansdemi-mesure.ma\/produit\/jilbeb-basic-jazz\/#primaryimage\"},\"image\":{\"@id\":\"https:\/\/sansdemi-mesure.ma\/produit\/jilbeb-basic-jazz\/#primaryimage\"},\"thumbnailUrl\":\"https:\/\/sansdemi-mesure.ma\/wp-content\/uploads\/2024\/01\/PhotoRoom_011_20240124_232345.jpeg\",\"datePublished\":\"2024-01-27T19:30:46+00:00\",\"dateModified\":\"2025-07-08T19:34:04+00:00\",\"description\":\"Sans Demi Mesure - Jilbeb basic jazz - jilbab, jilbeb, khimar , tenues pour la femme musulmane - boutique mastoura mouslima\",\"breadcrumb\":{\"@id\":\"https:\/\/sansdemi-mesure.ma\/produit\/jilbeb-basic-jazz\/#breadcrumb\"},\"inLanguage\":\"en-US\",\"potentialAction\":[{\"@type\":\"ReadAction\",\"target\":[\"https:\/\/sansdemi-mesure.ma\/produit\/jilbeb-basic-jazz\/\"]}]},{\"@type\":\"ImageObject\",\"inLanguage\":\"en-US\",\"@id\":\"https:\/\/sansdemi-mesure.ma\/produit\/jilbeb-basic-jazz\/#primaryimage\",\"url\":\"https:\/\/sansdemi-mesure.ma\/wp-content\/uploads\/2024\/01\/PhotoRoom_011_20240124_232345.jpeg\",\"contentUrl\":\"https:\/\/sansdemi-mesure.ma\/wp-content\/uploads\/2024\/01\/PhotoRoom_011_20240124_232345.jpeg\",\"width\":1350,\"height\":2400},{\"@type\":\"BreadcrumbList\",\"@id\":\"https:\/\/sansdemi-mesure.ma\/produit\/jilbeb-basic-jazz\/#breadcrumb\",\"itemListElement\":[{\"@type\":\"ListItem\",\"position\":1,\"name\":\"Accueil\",\"item\":\"https:\/\/sansdemi-mesure.ma\/\"},{\"@type\":\"ListItem\",\"position\":2,\"name\":\"Boutique\",\"item\":\"https:\/\/sansdemi-mesure.ma\/boutique\/\"},{\"@type\":\"ListItem\",\"position\":3,\"name\":\"Jilbeb basic jazz\"}]},{\"@type\":\"WebSite\",\"@id\":\"https:\/\/sansdemi-mesure.ma\/#website\",\"url\":\"https:\/\/sansdemi-mesure.ma\/\",\"name\":\"Sans Demi Mesure\",\"description\":\"Pr\u00eat \u00e0 porter feminin\",\"publisher\":{\"@id\":\"https:\/\/sansdemi-mesure.ma\/#organization\"},\"potentialAction\":[{\"@type\":\"SearchAction\",\"target\":{\"@type\":\"EntryPoint\",\"urlTemplate\":\"https:\/\/sansdemi-mesure.ma\/?s={search_term_string}\"},\"query-input\":{\"@type\":\"PropertyValueSpecification\",\"valueRequired\":true,\"valueName\":\"search_term_string\"}}],\"inLanguage\":\"en-US\"},{\"@type\":\"Organization\",\"@id\":\"https:\/\/sansdemi-mesure.ma\/#organization\",\"name\":\"Sans Demi Mesure\",\"url\":\"https:\/\/sansdemi-mesure.ma\/\",\"logo\":{\"@type\":\"ImageObject\",\"inLanguage\":\"en-US\",\"@id\":\"https:\/\/sansdemi-mesure.ma\/#\/schema\/logo\/image\/\",\"url\":\"https:\/\/sansdemi-mesure.ma\/wp-content\/uploads\/2023\/04\/Logo-noir.png\",\"contentUrl\":\"https:\/\/sansdemi-mesure.ma\/wp-content\/uploads\/2023\/04\/Logo-noir.png\",\"width\":3901,\"height\":1305,\"caption\":\"Sans Demi Mesure\"},\"image\":{\"@id\":\"https:\/\/sansdemi-mesure.ma\/#\/schema\/logo\/image\/\"},\"sameAs\":[\"https:\/\/web.facebook.com\/sansdemimesuree\/\",\"https:\/\/www.instagram.com\/sansdemi_mesure\/\"]}]}<\/script>\n<!-- \/ Yoast SEO plugin. -->","yoast_head_json":{"title":"Jilbeb basic jazz - Sans Demi Mesure","description":"Sans Demi Mesure - Jilbeb basic jazz - jilbab, jilbeb, khimar , tenues pour la femme musulmane - boutique mastoura mouslima","robots":{"index":"index","follow":"follow","max-snippet":"max-snippet:-1","max-image-preview":"max-image-preview:large","max-video-preview":"max-video-preview:-1"},"canonical":"https:\/\/sansdemi-mesure.ma\/en\/product\/jilbeb-basic-jazz\/","og_locale":"en_US","og_type":"article","og_title":"Jilbeb basic jazz - Sans Demi Mesure","og_description":"Sans Demi Mesure - Jilbeb basic jazz - jilbab, jilbeb, khimar , tenues pour la femme musulmane - boutique mastoura mouslima","og_url":"https:\/\/sansdemi-mesure.ma\/en\/product\/jilbeb-basic-jazz\/","og_site_name":"Sans Demi Mesure","article_publisher":"https:\/\/web.facebook.com\/sansdemimesuree\/","article_modified_time":"2025-07-08T19:34:04+00:00","og_image":[{"width":1350,"height":2400,"url":"https:\/\/sansdemi-mesure.ma\/wp-content\/uploads\/2024\/01\/PhotoRoom_011_20240124_232345.jpeg","type":"image\/jpeg"}],"twitter_card":"summary_large_image","twitter_misc":{"Est. reading time":"1 minute"},"schema":{"@context":"https:\/\/schema.org","@graph":[{"@type":"WebPage","@id":"https:\/\/sansdemi-mesure.ma\/produit\/jilbeb-basic-jazz\/","url":"https:\/\/sansdemi-mesure.ma\/produit\/jilbeb-basic-jazz\/","name":"Jilbeb basic jazz - Sans Demi Mesure","isPartOf":{"@id":"https:\/\/sansdemi-mesure.ma\/#website"},"primaryImageOfPage":{"@id":"https:\/\/sansdemi-mesure.ma\/produit\/jilbeb-basic-jazz\/#primaryimage"},"image":{"@id":"https:\/\/sansdemi-mesure.ma\/produit\/jilbeb-basic-jazz\/#primaryimage"},"thumbnailUrl":"https:\/\/sansdemi-mesure.ma\/wp-content\/uploads\/2024\/01\/PhotoRoom_011_20240124_232345.jpeg","datePublished":"2024-01-27T19:30:46+00:00","dateModified":"2025-07-08T19:34:04+00:00","description":"Sans Demi Mesure - Jilbeb basic jazz - jilbab, jilbeb, khimar , tenues pour la femme musulmane - boutique mastoura mouslima","breadcrumb":{"@id":"https:\/\/sansdemi-mesure.ma\/produit\/jilbeb-basic-jazz\/#breadcrumb"},"inLanguage":"en-US","potentialAction":[{"@type":"ReadAction","target":["https:\/\/sansdemi-mesure.ma\/produit\/jilbeb-basic-jazz\/"]}]},{"@type":"ImageObject","inLanguage":"en-US","@id":"https:\/\/sansdemi-mesure.ma\/produit\/jilbeb-basic-jazz\/#primaryimage","url":"https:\/\/sansdemi-mesure.ma\/wp-content\/uploads\/2024\/01\/PhotoRoom_011_20240124_232345.jpeg","contentUrl":"https:\/\/sansdemi-mesure.ma\/wp-content\/uploads\/2024\/01\/PhotoRoom_011_20240124_232345.jpeg","width":1350,"height":2400},{"@type":"BreadcrumbList","@id":"https:\/\/sansdemi-mesure.ma\/produit\/jilbeb-basic-jazz\/#breadcrumb","itemListElement":[{"@type":"ListItem","position":1,"name":"Accueil","item":"https:\/\/sansdemi-mesure.ma\/"},{"@type":"ListItem","position":2,"name":"Boutique","item":"https:\/\/sansdemi-mesure.ma\/boutique\/"},{"@type":"ListItem","position":3,"name":"Jilbeb basic jazz"}]},{"@type":"WebSite","@id":"https:\/\/sansdemi-mesure.ma\/#website","url":"https:\/\/sansdemi-mesure.ma\/","name":"Sans Demi Mesure","description":"Pr\u00eat \u00e0 porter feminin","publisher":{"@id":"https:\/\/sansdemi-mesure.ma\/#organization"},"potentialAction":[{"@type":"SearchAction","target":{"@type":"EntryPoint","urlTemplate":"https:\/\/sansdemi-mesure.ma\/?s={search_term_string}"},"query-input":{"@type":"PropertyValueSpecification","valueRequired":true,"valueName":"search_term_string"}}],"inLanguage":"en-US"},{"@type":"Organization","@id":"https:\/\/sansdemi-mesure.ma\/#organization","name":"Sans Demi Mesure","url":"https:\/\/sansdemi-mesure.ma\/","logo":{"@type":"ImageObject","inLanguage":"en-US","@id":"https:\/\/sansdemi-mesure.ma\/#\/schema\/logo\/image\/","url":"https:\/\/sansdemi-mesure.ma\/wp-content\/uploads\/2023\/04\/Logo-noir.png","contentUrl":"https:\/\/sansdemi-mesure.ma\/wp-content\/uploads\/2023\/04\/Logo-noir.png","width":3901,"height":1305,"caption":"Sans Demi Mesure"},"image":{"@id":"https:\/\/sansdemi-mesure.ma\/#\/schema\/logo\/image\/"},"sameAs":["https:\/\/web.facebook.com\/sansdemimesuree\/","https:\/\/www.instagram.com\/sansdemi_mesure\/"]}]}},"jetpack_publicize_connections":[],"jetpack_sharing_enabled":true,"_links":{"self":[{"href":"https:\/\/sansdemi-mesure.ma\/en\/wp-json\/wp\/v2\/product\/8493","targetHints":{"allow":["GET"]}}],"collection":[{"href":"https:\/\/sansdemi-mesure.ma\/en\/wp-json\/wp\/v2\/product"}],"about":[{"href":"https:\/\/sansdemi-mesure.ma\/en\/wp-json\/wp\/v2\/types\/product"}],"replies":[{"embeddable":true,"href":"https:\/\/sansdemi-mesure.ma\/en\/wp-json\/wp\/v2\/comments?post=8493"}],"wp:featuredmedia":[{"embeddable":true,"href":"https:\/\/sansdemi-mesure.ma\/en\/wp-json\/wp\/v2\/media\/8445"}],"wp:attachment":[{"href":"https:\/\/sansdemi-mesure.ma\/en\/wp-json\/wp\/v2\/media?parent=8493"}],"wp:term":[{"taxonomy":"product_brand","embeddable":true,"href":"https:\/\/sansdemi-mesure.ma\/en\/wp-json\/wp\/v2\/product_brand?post=8493"},{"taxonomy":"product_cat","embeddable":true,"href":"https:\/\/sansdemi-mesure.ma\/en\/wp-json\/wp\/v2\/product_cat?post=8493"},{"taxonomy":"product_tag","embeddable":true,"href":"https:\/\/sansdemi-mesure.ma\/en\/wp-json\/wp\/v2\/product_tag?post=8493"}],"curies":[{"name":"wp","href":"https:\/\/api.w.org\/{rel}","templated":true}]}}