{"id":8290,"date":"2024-01-19T17:43:35","date_gmt":"2024-01-19T17:43:35","guid":{"rendered":"https:\/\/sansdemi-mesure.ma\/?post_type=product&#038;p=8290"},"modified":"2025-06-27T22:44:28","modified_gmt":"2025-06-27T22:44:28","slug":"abaya-basic-jazz","status":"publish","type":"product","link":"https:\/\/sansdemi-mesure.ma\/en\/product\/abaya-basic-jazz\/","title":{"rendered":"Abaya basic jazz"},"content":{"rendered":"<p>La Abaya Basic Jazz est une robe \u00e9l\u00e9gante et simple, id\u00e9ale pour les femmes recherchant confort et modestie au quotidien. Fabriqu\u00e9e en France, cette abaya de qualit\u00e9 se distingue par sa mati\u00e8re \u201cjazz\u201d douce et l\u00e9g\u00e8re, offrant une grande fluidit\u00e9 et une belle tenue. Sa coupe droite et ses manches longues en font une pi\u00e8ce sobre et intemporelle, parfaite pour les journ\u00e9es quotidiennes ou pour se rendre \u00e0 la mosqu\u00e9e.<\/p>\n<p><strong>Public cible :<\/strong><\/p>\n<p>\u2022Femmes musulmanes<br \/>\n\u2022Femmes recherchant des v\u00eatements modestes<br \/>\n\u2022Id\u00e9ale pour des occasions quotidiennes, pour aller \u00e0 la mosqu\u00e9e ou lors de sorties d\u00e9contract\u00e9es<\/p>\n<p>Avantages :<\/p>\n<p>\u2022Confortable et pratique<br \/>\n\u2022Facile \u00e0 entretenir (lavable en machine)<br \/>\n\u2022Design simple, \u00e9l\u00e9gant et intemporel<\/p>\n<p>Cette robe longue est id\u00e9ale pour les femmes musulmanes ou celles recherchant une robe couvrante et confortable au quotidien. Parfaite pour les moments de pri\u00e8re ou pour une tenue quotidienne \u00e9l\u00e9gante et pudique. Sa simplicit\u00e9 permet de l\u2019associer facilement avec diff\u00e9rents accessoires ou sous-v\u00eatements pour s\u2019adapter \u00e0 toutes les occasions. Cette abaya basic jazz est l\u2019alliance parfaite entre confort, modestie et style au quotidien. Ajoutez-la \u00e0 votre garde-robe et profitez d\u2019une pi\u00e8ce essentielle pour chaque jour ! Nous vous proposons\u00a0\u00e9galement la abaya basic en tissu <a href=\"https:\/\/sansdemi-mesure.ma\/en\/product\/abaya-basic-soie-de-medine\/\">soie de m\u00e9dine<\/a>.<\/p>\n<p>Commandez d\u00e8s maintenant votre abaya basic jazz et rejoignez nous sur nos r\u00e9seaux sociaux pour d\u00e9couvrir nos nouveaut\u00e9s <a href=\"https:\/\/www.facebook.com\/sansdemimesuree\/\">Instagram<\/a>, <a href=\"https:\/\/www.facebook.com\/sansdemimesuree\/\">Facebook.<\/a><\/p>\n<p>&nbsp;<\/p>","protected":false},"excerpt":{"rendered":"<p>Convient du 36 au 42<br \/>\n145cm de long<\/p>","protected":false},"featured_media":8281,"comment_status":"open","ping_status":"closed","template":"","meta":[],"product_brand":[],"product_cat":[24,27],"product_tag":[],"class_list":{"0":"post-8290","1":"product","2":"type-product","3":"status-publish","4":"has-post-thumbnail","6":"product_cat-abaya-robe","7":"product_cat-nouveautes","9":"first","10":"instock","11":"taxable","12":"shipping-taxable","13":"purchasable","14":"product-type-variable"},"yoast_head":"<!-- This site is optimized with the Yoast SEO plugin v24.3 - https:\/\/yoast.com\/wordpress\/plugins\/seo\/ -->\n<title>Sans Demi Mesure - Abaya basic jazz<\/title>\n<meta name=\"description\" content=\"Robe fluide - abaya ramadan - Boutique de la femme musulmane - v\u00eatements pas cher . Livraison gratuite . Not\u00e9 4,8\/5 par nos clients\" \/>\n<meta name=\"robots\" content=\"index, follow, max-snippet:-1, max-image-preview:large, max-video-preview:-1\" \/>\n<link rel=\"canonical\" href=\"https:\/\/sansdemi-mesure.ma\/en\/product\/abaya-basic-jazz\/\" \/>\n<meta property=\"og:locale\" content=\"en_US\" \/>\n<meta property=\"og:type\" content=\"article\" \/>\n<meta property=\"og:title\" content=\"Sans Demi Mesure - Abaya basic jazz\" \/>\n<meta property=\"og:description\" content=\"Robe fluide - abaya ramadan - Boutique de la femme musulmane - v\u00eatements pas cher . Livraison gratuite . Not\u00e9 4,8\/5 par nos clients\" \/>\n<meta property=\"og:url\" content=\"https:\/\/sansdemi-mesure.ma\/en\/product\/abaya-basic-jazz\/\" \/>\n<meta property=\"og:site_name\" content=\"Sans Demi Mesure\" \/>\n<meta property=\"article:publisher\" content=\"https:\/\/web.facebook.com\/sansdemimesuree\/\" \/>\n<meta property=\"article:modified_time\" content=\"2025-06-27T22:44:28+00:00\" \/>\n<meta property=\"og:image\" content=\"https:\/\/sansdemi-mesure.ma\/wp-content\/uploads\/2024\/01\/PhotoRoom_026_20240119_011032.jpeg\" \/>\n\t<meta property=\"og:image:width\" content=\"1350\" \/>\n\t<meta property=\"og:image:height\" content=\"2400\" \/>\n\t<meta property=\"og:image:type\" content=\"image\/jpeg\" \/>\n<meta name=\"twitter:card\" content=\"summary_large_image\" \/>\n<meta name=\"twitter:label1\" content=\"Est. reading time\" \/>\n\t<meta name=\"twitter:data1\" content=\"2 minutes\" \/>\n<script type=\"application\/ld+json\" class=\"yoast-schema-graph\">{\"@context\":\"https:\/\/schema.org\",\"@graph\":[{\"@type\":\"WebPage\",\"@id\":\"https:\/\/sansdemi-mesure.ma\/produit\/abaya-basic-jazz\/\",\"url\":\"https:\/\/sansdemi-mesure.ma\/produit\/abaya-basic-jazz\/\",\"name\":\"Sans Demi Mesure - Abaya basic jazz\",\"isPartOf\":{\"@id\":\"https:\/\/sansdemi-mesure.ma\/#website\"},\"primaryImageOfPage\":{\"@id\":\"https:\/\/sansdemi-mesure.ma\/produit\/abaya-basic-jazz\/#primaryimage\"},\"image\":{\"@id\":\"https:\/\/sansdemi-mesure.ma\/produit\/abaya-basic-jazz\/#primaryimage\"},\"thumbnailUrl\":\"https:\/\/sansdemi-mesure.ma\/wp-content\/uploads\/2024\/01\/PhotoRoom_026_20240119_011032.jpeg\",\"datePublished\":\"2024-01-19T17:43:35+00:00\",\"dateModified\":\"2025-06-27T22:44:28+00:00\",\"description\":\"Robe fluide - abaya ramadan - Boutique de la femme musulmane - v\u00eatements pas cher . Livraison gratuite . Not\u00e9 4,8\/5 par nos clients\",\"breadcrumb\":{\"@id\":\"https:\/\/sansdemi-mesure.ma\/produit\/abaya-basic-jazz\/#breadcrumb\"},\"inLanguage\":\"en-US\",\"potentialAction\":[{\"@type\":\"ReadAction\",\"target\":[\"https:\/\/sansdemi-mesure.ma\/produit\/abaya-basic-jazz\/\"]}]},{\"@type\":\"ImageObject\",\"inLanguage\":\"en-US\",\"@id\":\"https:\/\/sansdemi-mesure.ma\/produit\/abaya-basic-jazz\/#primaryimage\",\"url\":\"https:\/\/sansdemi-mesure.ma\/wp-content\/uploads\/2024\/01\/PhotoRoom_026_20240119_011032.jpeg\",\"contentUrl\":\"https:\/\/sansdemi-mesure.ma\/wp-content\/uploads\/2024\/01\/PhotoRoom_026_20240119_011032.jpeg\",\"width\":1350,\"height\":2400,\"caption\":\"abaya jazz\"},{\"@type\":\"BreadcrumbList\",\"@id\":\"https:\/\/sansdemi-mesure.ma\/produit\/abaya-basic-jazz\/#breadcrumb\",\"itemListElement\":[{\"@type\":\"ListItem\",\"position\":1,\"name\":\"Accueil\",\"item\":\"https:\/\/sansdemi-mesure.ma\/\"},{\"@type\":\"ListItem\",\"position\":2,\"name\":\"Boutique\",\"item\":\"https:\/\/sansdemi-mesure.ma\/boutique\/\"},{\"@type\":\"ListItem\",\"position\":3,\"name\":\"Abaya basic jazz\"}]},{\"@type\":\"WebSite\",\"@id\":\"https:\/\/sansdemi-mesure.ma\/#website\",\"url\":\"https:\/\/sansdemi-mesure.ma\/\",\"name\":\"Sans Demi Mesure\",\"description\":\"Pr\u00eat \u00e0 porter feminin\",\"publisher\":{\"@id\":\"https:\/\/sansdemi-mesure.ma\/#organization\"},\"potentialAction\":[{\"@type\":\"SearchAction\",\"target\":{\"@type\":\"EntryPoint\",\"urlTemplate\":\"https:\/\/sansdemi-mesure.ma\/?s={search_term_string}\"},\"query-input\":{\"@type\":\"PropertyValueSpecification\",\"valueRequired\":true,\"valueName\":\"search_term_string\"}}],\"inLanguage\":\"en-US\"},{\"@type\":\"Organization\",\"@id\":\"https:\/\/sansdemi-mesure.ma\/#organization\",\"name\":\"Sans Demi Mesure\",\"url\":\"https:\/\/sansdemi-mesure.ma\/\",\"logo\":{\"@type\":\"ImageObject\",\"inLanguage\":\"en-US\",\"@id\":\"https:\/\/sansdemi-mesure.ma\/#\/schema\/logo\/image\/\",\"url\":\"https:\/\/sansdemi-mesure.ma\/wp-content\/uploads\/2023\/04\/Logo-noir.png\",\"contentUrl\":\"https:\/\/sansdemi-mesure.ma\/wp-content\/uploads\/2023\/04\/Logo-noir.png\",\"width\":3901,\"height\":1305,\"caption\":\"Sans Demi Mesure\"},\"image\":{\"@id\":\"https:\/\/sansdemi-mesure.ma\/#\/schema\/logo\/image\/\"},\"sameAs\":[\"https:\/\/web.facebook.com\/sansdemimesuree\/\",\"https:\/\/www.instagram.com\/sansdemi_mesure\/\"]}]}<\/script>\n<!-- \/ Yoast SEO plugin. -->","yoast_head_json":{"title":"Sans Demi Mesure - Abaya basic jazz","description":"Robe fluide - abaya ramadan - Boutique de la femme musulmane - v\u00eatements pas cher . Livraison gratuite . Not\u00e9 4,8\/5 par nos clients","robots":{"index":"index","follow":"follow","max-snippet":"max-snippet:-1","max-image-preview":"max-image-preview:large","max-video-preview":"max-video-preview:-1"},"canonical":"https:\/\/sansdemi-mesure.ma\/en\/product\/abaya-basic-jazz\/","og_locale":"en_US","og_type":"article","og_title":"Sans Demi Mesure - Abaya basic jazz","og_description":"Robe fluide - abaya ramadan - Boutique de la femme musulmane - v\u00eatements pas cher . Livraison gratuite . Not\u00e9 4,8\/5 par nos clients","og_url":"https:\/\/sansdemi-mesure.ma\/en\/product\/abaya-basic-jazz\/","og_site_name":"Sans Demi Mesure","article_publisher":"https:\/\/web.facebook.com\/sansdemimesuree\/","article_modified_time":"2025-06-27T22:44:28+00:00","og_image":[{"width":1350,"height":2400,"url":"https:\/\/sansdemi-mesure.ma\/wp-content\/uploads\/2024\/01\/PhotoRoom_026_20240119_011032.jpeg","type":"image\/jpeg"}],"twitter_card":"summary_large_image","twitter_misc":{"Est. reading time":"2 minutes"},"schema":{"@context":"https:\/\/schema.org","@graph":[{"@type":"WebPage","@id":"https:\/\/sansdemi-mesure.ma\/produit\/abaya-basic-jazz\/","url":"https:\/\/sansdemi-mesure.ma\/produit\/abaya-basic-jazz\/","name":"Sans Demi Mesure - Abaya basic jazz","isPartOf":{"@id":"https:\/\/sansdemi-mesure.ma\/#website"},"primaryImageOfPage":{"@id":"https:\/\/sansdemi-mesure.ma\/produit\/abaya-basic-jazz\/#primaryimage"},"image":{"@id":"https:\/\/sansdemi-mesure.ma\/produit\/abaya-basic-jazz\/#primaryimage"},"thumbnailUrl":"https:\/\/sansdemi-mesure.ma\/wp-content\/uploads\/2024\/01\/PhotoRoom_026_20240119_011032.jpeg","datePublished":"2024-01-19T17:43:35+00:00","dateModified":"2025-06-27T22:44:28+00:00","description":"Robe fluide - abaya ramadan - Boutique de la femme musulmane - v\u00eatements pas cher . Livraison gratuite . Not\u00e9 4,8\/5 par nos clients","breadcrumb":{"@id":"https:\/\/sansdemi-mesure.ma\/produit\/abaya-basic-jazz\/#breadcrumb"},"inLanguage":"en-US","potentialAction":[{"@type":"ReadAction","target":["https:\/\/sansdemi-mesure.ma\/produit\/abaya-basic-jazz\/"]}]},{"@type":"ImageObject","inLanguage":"en-US","@id":"https:\/\/sansdemi-mesure.ma\/produit\/abaya-basic-jazz\/#primaryimage","url":"https:\/\/sansdemi-mesure.ma\/wp-content\/uploads\/2024\/01\/PhotoRoom_026_20240119_011032.jpeg","contentUrl":"https:\/\/sansdemi-mesure.ma\/wp-content\/uploads\/2024\/01\/PhotoRoom_026_20240119_011032.jpeg","width":1350,"height":2400,"caption":"abaya jazz"},{"@type":"BreadcrumbList","@id":"https:\/\/sansdemi-mesure.ma\/produit\/abaya-basic-jazz\/#breadcrumb","itemListElement":[{"@type":"ListItem","position":1,"name":"Accueil","item":"https:\/\/sansdemi-mesure.ma\/"},{"@type":"ListItem","position":2,"name":"Boutique","item":"https:\/\/sansdemi-mesure.ma\/boutique\/"},{"@type":"ListItem","position":3,"name":"Abaya basic jazz"}]},{"@type":"WebSite","@id":"https:\/\/sansdemi-mesure.ma\/#website","url":"https:\/\/sansdemi-mesure.ma\/","name":"Sans Demi Mesure","description":"Pr\u00eat \u00e0 porter feminin","publisher":{"@id":"https:\/\/sansdemi-mesure.ma\/#organization"},"potentialAction":[{"@type":"SearchAction","target":{"@type":"EntryPoint","urlTemplate":"https:\/\/sansdemi-mesure.ma\/?s={search_term_string}"},"query-input":{"@type":"PropertyValueSpecification","valueRequired":true,"valueName":"search_term_string"}}],"inLanguage":"en-US"},{"@type":"Organization","@id":"https:\/\/sansdemi-mesure.ma\/#organization","name":"Sans Demi Mesure","url":"https:\/\/sansdemi-mesure.ma\/","logo":{"@type":"ImageObject","inLanguage":"en-US","@id":"https:\/\/sansdemi-mesure.ma\/#\/schema\/logo\/image\/","url":"https:\/\/sansdemi-mesure.ma\/wp-content\/uploads\/2023\/04\/Logo-noir.png","contentUrl":"https:\/\/sansdemi-mesure.ma\/wp-content\/uploads\/2023\/04\/Logo-noir.png","width":3901,"height":1305,"caption":"Sans Demi Mesure"},"image":{"@id":"https:\/\/sansdemi-mesure.ma\/#\/schema\/logo\/image\/"},"sameAs":["https:\/\/web.facebook.com\/sansdemimesuree\/","https:\/\/www.instagram.com\/sansdemi_mesure\/"]}]}},"jetpack_publicize_connections":[],"jetpack_sharing_enabled":true,"_links":{"self":[{"href":"https:\/\/sansdemi-mesure.ma\/en\/wp-json\/wp\/v2\/product\/8290","targetHints":{"allow":["GET"]}}],"collection":[{"href":"https:\/\/sansdemi-mesure.ma\/en\/wp-json\/wp\/v2\/product"}],"about":[{"href":"https:\/\/sansdemi-mesure.ma\/en\/wp-json\/wp\/v2\/types\/product"}],"replies":[{"embeddable":true,"href":"https:\/\/sansdemi-mesure.ma\/en\/wp-json\/wp\/v2\/comments?post=8290"}],"wp:featuredmedia":[{"embeddable":true,"href":"https:\/\/sansdemi-mesure.ma\/en\/wp-json\/wp\/v2\/media\/8281"}],"wp:attachment":[{"href":"https:\/\/sansdemi-mesure.ma\/en\/wp-json\/wp\/v2\/media?parent=8290"}],"wp:term":[{"taxonomy":"product_brand","embeddable":true,"href":"https:\/\/sansdemi-mesure.ma\/en\/wp-json\/wp\/v2\/product_brand?post=8290"},{"taxonomy":"product_cat","embeddable":true,"href":"https:\/\/sansdemi-mesure.ma\/en\/wp-json\/wp\/v2\/product_cat?post=8290"},{"taxonomy":"product_tag","embeddable":true,"href":"https:\/\/sansdemi-mesure.ma\/en\/wp-json\/wp\/v2\/product_tag?post=8290"}],"curies":[{"name":"wp","href":"https:\/\/api.w.org\/{rel}","templated":true}]}}