{"id":6226,"date":"2023-05-16T23:28:11","date_gmt":"2023-05-16T23:28:11","guid":{"rendered":"https:\/\/sansdemi-mesure.ma\/?post_type=product&#038;p=6226"},"modified":"2025-06-23T21:11:12","modified_gmt":"2025-06-23T21:11:12","slug":"kimono-zina-soie-de-medine","status":"publish","type":"product","link":"https:\/\/sansdemi-mesure.ma\/en\/product\/kimono-zina-soie-de-medine\/","title":{"rendered":"Kimono Zina Soie de m\u00e9dine"},"content":{"rendered":"<p style=\"text-align: center;\"><strong>Kimono Zina Soie de m\u00e9dine<\/strong><\/p>\n<p>&nbsp;<\/p>\n<p>Ce <a href=\"https:\/\/sansdemi-mesure.ma\/en\/product-category\/kimonos\/\">kimono<\/a> est un choix id\u00e9al pour les femmes cherchant une tenue \u00e9l\u00e9gante. Le kimono Zina soie de m\u00e9dine est con\u00e7u avec des d\u00e9tails argent\u00e9. Ce kimono se porte ouvert avec une sous robe avec ou sans la ceinture.<\/p>\n<p style=\"text-align: center;\"><em><strong> La soie de M\u00e9dine<\/strong>\u00a0n\u2019est pas une mati\u00e8re \u00e0 proprement parler elle\u00a0est essentiellement compos\u00e9 de polyester. Il s\u2019agit de l\u2019appellation reconnue pour d\u00e9signer un tissu souple, fluide, soyeux et opaque \u00e0 la fois. Elle est compos\u00e9e de diff\u00e9rentes fibres synth\u00e9tiques.<\/em><\/p>\n<p><em>Suivez-nous sur\u00a0<a href=\"https:\/\/www.facebook.com\/sansdemimesuree\/\">instagram<\/a><\/em><\/p>","protected":false},"excerpt":{"rendered":"<p>Taille unique<br \/>\n<em><span style=\"font-size: 100%;\">convient \u00e0 partir de la taille 38<\/span><\/em><\/p>\n<p>145cm de long<\/p>\n<p>&nbsp;<\/p>\n<p>J&rsquo;ajoute une <strong><a href=\"https:\/\/sansdemi-mesure.ma\/en\/product\/sous-robe-sans-manche\/\">sous robe<\/a><\/strong> dans mon panier<\/p>\n<p>&nbsp;<\/p>","protected":false},"featured_media":8408,"comment_status":"open","ping_status":"closed","template":"","meta":[],"product_brand":[],"product_cat":[25,27],"product_tag":[],"class_list":{"0":"post-6226","1":"product","2":"type-product","3":"status-publish","4":"has-post-thumbnail","6":"product_cat-kimonos","7":"product_cat-nouveautes","9":"first","10":"instock","11":"sale","12":"taxable","13":"shipping-taxable","14":"purchasable","15":"product-type-variable"},"yoast_head":"<!-- This site is optimized with the Yoast SEO plugin v24.3 - https:\/\/yoast.com\/wordpress\/plugins\/seo\/ -->\n<title>Kimono Zina Soie de m\u00e9dine - Sans Demi Mesure<\/title>\n<meta name=\"description\" content=\"Kimono Zina Soie de m\u00e9dine Tenue \u00e0 petits prix pour vos \u00e9v\u00e9nements - taille unique - boutique de hijeb, abaya pas cher\" \/>\n<meta name=\"robots\" content=\"index, follow, max-snippet:-1, max-image-preview:large, max-video-preview:-1\" \/>\n<link rel=\"canonical\" href=\"https:\/\/sansdemi-mesure.ma\/en\/product\/kimono-zina-soie-de-medine\/\" \/>\n<meta property=\"og:locale\" content=\"en_US\" \/>\n<meta property=\"og:type\" content=\"article\" \/>\n<meta property=\"og:title\" content=\"Kimono Zina Soie de m\u00e9dine - Sans Demi Mesure\" \/>\n<meta property=\"og:description\" content=\"Kimono Zina Soie de m\u00e9dine Tenue \u00e0 petits prix pour vos \u00e9v\u00e9nements - taille unique - boutique de hijeb, abaya pas cher\" \/>\n<meta property=\"og:url\" content=\"https:\/\/sansdemi-mesure.ma\/en\/product\/kimono-zina-soie-de-medine\/\" \/>\n<meta property=\"og:site_name\" content=\"Sans Demi Mesure\" \/>\n<meta property=\"article:publisher\" content=\"https:\/\/web.facebook.com\/sansdemimesuree\/\" \/>\n<meta property=\"article:modified_time\" content=\"2025-06-23T21:11:12+00:00\" \/>\n<meta property=\"og:image\" content=\"https:\/\/sansdemi-mesure.ma\/wp-content\/uploads\/2024\/01\/PhotoRoom_009_20240124_002212.jpeg\" \/>\n\t<meta property=\"og:image:width\" content=\"1350\" \/>\n\t<meta property=\"og:image:height\" content=\"2400\" \/>\n\t<meta property=\"og:image:type\" content=\"image\/jpeg\" \/>\n<meta name=\"twitter:card\" content=\"summary_large_image\" \/>\n<meta name=\"twitter:label1\" content=\"Est. reading time\" \/>\n\t<meta name=\"twitter:data1\" content=\"1 minute\" \/>\n<script type=\"application\/ld+json\" class=\"yoast-schema-graph\">{\"@context\":\"https:\/\/schema.org\",\"@graph\":[{\"@type\":\"WebPage\",\"@id\":\"https:\/\/sansdemi-mesure.ma\/produit\/kimono-zina-soie-de-medine\/\",\"url\":\"https:\/\/sansdemi-mesure.ma\/produit\/kimono-zina-soie-de-medine\/\",\"name\":\"Kimono Zina Soie de m\u00e9dine - Sans Demi Mesure\",\"isPartOf\":{\"@id\":\"https:\/\/sansdemi-mesure.ma\/#website\"},\"primaryImageOfPage\":{\"@id\":\"https:\/\/sansdemi-mesure.ma\/produit\/kimono-zina-soie-de-medine\/#primaryimage\"},\"image\":{\"@id\":\"https:\/\/sansdemi-mesure.ma\/produit\/kimono-zina-soie-de-medine\/#primaryimage\"},\"thumbnailUrl\":\"https:\/\/sansdemi-mesure.ma\/wp-content\/uploads\/2024\/01\/PhotoRoom_009_20240124_002212.jpeg\",\"datePublished\":\"2023-05-16T23:28:11+00:00\",\"dateModified\":\"2025-06-23T21:11:12+00:00\",\"description\":\"Kimono Zina Soie de m\u00e9dine Tenue \u00e0 petits prix pour vos \u00e9v\u00e9nements - taille unique - boutique de hijeb, abaya pas cher\",\"breadcrumb\":{\"@id\":\"https:\/\/sansdemi-mesure.ma\/produit\/kimono-zina-soie-de-medine\/#breadcrumb\"},\"inLanguage\":\"en-US\",\"potentialAction\":[{\"@type\":\"ReadAction\",\"target\":[\"https:\/\/sansdemi-mesure.ma\/produit\/kimono-zina-soie-de-medine\/\"]}]},{\"@type\":\"ImageObject\",\"inLanguage\":\"en-US\",\"@id\":\"https:\/\/sansdemi-mesure.ma\/produit\/kimono-zina-soie-de-medine\/#primaryimage\",\"url\":\"https:\/\/sansdemi-mesure.ma\/wp-content\/uploads\/2024\/01\/PhotoRoom_009_20240124_002212.jpeg\",\"contentUrl\":\"https:\/\/sansdemi-mesure.ma\/wp-content\/uploads\/2024\/01\/PhotoRoom_009_20240124_002212.jpeg\",\"width\":1350,\"height\":2400,\"caption\":\"kimono zina beige\"},{\"@type\":\"BreadcrumbList\",\"@id\":\"https:\/\/sansdemi-mesure.ma\/produit\/kimono-zina-soie-de-medine\/#breadcrumb\",\"itemListElement\":[{\"@type\":\"ListItem\",\"position\":1,\"name\":\"Accueil\",\"item\":\"https:\/\/sansdemi-mesure.ma\/\"},{\"@type\":\"ListItem\",\"position\":2,\"name\":\"Boutique\",\"item\":\"https:\/\/sansdemi-mesure.ma\/boutique\/\"},{\"@type\":\"ListItem\",\"position\":3,\"name\":\"Kimono Zina Soie de m\u00e9dine\"}]},{\"@type\":\"WebSite\",\"@id\":\"https:\/\/sansdemi-mesure.ma\/#website\",\"url\":\"https:\/\/sansdemi-mesure.ma\/\",\"name\":\"Sans Demi Mesure\",\"description\":\"Pr\u00eat \u00e0 porter feminin\",\"publisher\":{\"@id\":\"https:\/\/sansdemi-mesure.ma\/#organization\"},\"potentialAction\":[{\"@type\":\"SearchAction\",\"target\":{\"@type\":\"EntryPoint\",\"urlTemplate\":\"https:\/\/sansdemi-mesure.ma\/?s={search_term_string}\"},\"query-input\":{\"@type\":\"PropertyValueSpecification\",\"valueRequired\":true,\"valueName\":\"search_term_string\"}}],\"inLanguage\":\"en-US\"},{\"@type\":\"Organization\",\"@id\":\"https:\/\/sansdemi-mesure.ma\/#organization\",\"name\":\"Sans Demi Mesure\",\"url\":\"https:\/\/sansdemi-mesure.ma\/\",\"logo\":{\"@type\":\"ImageObject\",\"inLanguage\":\"en-US\",\"@id\":\"https:\/\/sansdemi-mesure.ma\/#\/schema\/logo\/image\/\",\"url\":\"https:\/\/sansdemi-mesure.ma\/wp-content\/uploads\/2023\/04\/Logo-noir.png\",\"contentUrl\":\"https:\/\/sansdemi-mesure.ma\/wp-content\/uploads\/2023\/04\/Logo-noir.png\",\"width\":3901,\"height\":1305,\"caption\":\"Sans Demi Mesure\"},\"image\":{\"@id\":\"https:\/\/sansdemi-mesure.ma\/#\/schema\/logo\/image\/\"},\"sameAs\":[\"https:\/\/web.facebook.com\/sansdemimesuree\/\",\"https:\/\/www.instagram.com\/sansdemi_mesure\/\"]}]}<\/script>\n<!-- \/ Yoast SEO plugin. -->","yoast_head_json":{"title":"Kimono Zina Soie de m\u00e9dine - Sans Demi Mesure","description":"Kimono Zina Soie de m\u00e9dine Tenue \u00e0 petits prix pour vos \u00e9v\u00e9nements - taille unique - boutique de hijeb, abaya pas cher","robots":{"index":"index","follow":"follow","max-snippet":"max-snippet:-1","max-image-preview":"max-image-preview:large","max-video-preview":"max-video-preview:-1"},"canonical":"https:\/\/sansdemi-mesure.ma\/en\/product\/kimono-zina-soie-de-medine\/","og_locale":"en_US","og_type":"article","og_title":"Kimono Zina Soie de m\u00e9dine - Sans Demi Mesure","og_description":"Kimono Zina Soie de m\u00e9dine Tenue \u00e0 petits prix pour vos \u00e9v\u00e9nements - taille unique - boutique de hijeb, abaya pas cher","og_url":"https:\/\/sansdemi-mesure.ma\/en\/product\/kimono-zina-soie-de-medine\/","og_site_name":"Sans Demi Mesure","article_publisher":"https:\/\/web.facebook.com\/sansdemimesuree\/","article_modified_time":"2025-06-23T21:11:12+00:00","og_image":[{"width":1350,"height":2400,"url":"https:\/\/sansdemi-mesure.ma\/wp-content\/uploads\/2024\/01\/PhotoRoom_009_20240124_002212.jpeg","type":"image\/jpeg"}],"twitter_card":"summary_large_image","twitter_misc":{"Est. reading time":"1 minute"},"schema":{"@context":"https:\/\/schema.org","@graph":[{"@type":"WebPage","@id":"https:\/\/sansdemi-mesure.ma\/produit\/kimono-zina-soie-de-medine\/","url":"https:\/\/sansdemi-mesure.ma\/produit\/kimono-zina-soie-de-medine\/","name":"Kimono Zina Soie de m\u00e9dine - Sans Demi Mesure","isPartOf":{"@id":"https:\/\/sansdemi-mesure.ma\/#website"},"primaryImageOfPage":{"@id":"https:\/\/sansdemi-mesure.ma\/produit\/kimono-zina-soie-de-medine\/#primaryimage"},"image":{"@id":"https:\/\/sansdemi-mesure.ma\/produit\/kimono-zina-soie-de-medine\/#primaryimage"},"thumbnailUrl":"https:\/\/sansdemi-mesure.ma\/wp-content\/uploads\/2024\/01\/PhotoRoom_009_20240124_002212.jpeg","datePublished":"2023-05-16T23:28:11+00:00","dateModified":"2025-06-23T21:11:12+00:00","description":"Kimono Zina Soie de m\u00e9dine Tenue \u00e0 petits prix pour vos \u00e9v\u00e9nements - taille unique - boutique de hijeb, abaya pas cher","breadcrumb":{"@id":"https:\/\/sansdemi-mesure.ma\/produit\/kimono-zina-soie-de-medine\/#breadcrumb"},"inLanguage":"en-US","potentialAction":[{"@type":"ReadAction","target":["https:\/\/sansdemi-mesure.ma\/produit\/kimono-zina-soie-de-medine\/"]}]},{"@type":"ImageObject","inLanguage":"en-US","@id":"https:\/\/sansdemi-mesure.ma\/produit\/kimono-zina-soie-de-medine\/#primaryimage","url":"https:\/\/sansdemi-mesure.ma\/wp-content\/uploads\/2024\/01\/PhotoRoom_009_20240124_002212.jpeg","contentUrl":"https:\/\/sansdemi-mesure.ma\/wp-content\/uploads\/2024\/01\/PhotoRoom_009_20240124_002212.jpeg","width":1350,"height":2400,"caption":"kimono zina beige"},{"@type":"BreadcrumbList","@id":"https:\/\/sansdemi-mesure.ma\/produit\/kimono-zina-soie-de-medine\/#breadcrumb","itemListElement":[{"@type":"ListItem","position":1,"name":"Accueil","item":"https:\/\/sansdemi-mesure.ma\/"},{"@type":"ListItem","position":2,"name":"Boutique","item":"https:\/\/sansdemi-mesure.ma\/boutique\/"},{"@type":"ListItem","position":3,"name":"Kimono Zina Soie de m\u00e9dine"}]},{"@type":"WebSite","@id":"https:\/\/sansdemi-mesure.ma\/#website","url":"https:\/\/sansdemi-mesure.ma\/","name":"Sans Demi Mesure","description":"Pr\u00eat \u00e0 porter feminin","publisher":{"@id":"https:\/\/sansdemi-mesure.ma\/#organization"},"potentialAction":[{"@type":"SearchAction","target":{"@type":"EntryPoint","urlTemplate":"https:\/\/sansdemi-mesure.ma\/?s={search_term_string}"},"query-input":{"@type":"PropertyValueSpecification","valueRequired":true,"valueName":"search_term_string"}}],"inLanguage":"en-US"},{"@type":"Organization","@id":"https:\/\/sansdemi-mesure.ma\/#organization","name":"Sans Demi Mesure","url":"https:\/\/sansdemi-mesure.ma\/","logo":{"@type":"ImageObject","inLanguage":"en-US","@id":"https:\/\/sansdemi-mesure.ma\/#\/schema\/logo\/image\/","url":"https:\/\/sansdemi-mesure.ma\/wp-content\/uploads\/2023\/04\/Logo-noir.png","contentUrl":"https:\/\/sansdemi-mesure.ma\/wp-content\/uploads\/2023\/04\/Logo-noir.png","width":3901,"height":1305,"caption":"Sans Demi Mesure"},"image":{"@id":"https:\/\/sansdemi-mesure.ma\/#\/schema\/logo\/image\/"},"sameAs":["https:\/\/web.facebook.com\/sansdemimesuree\/","https:\/\/www.instagram.com\/sansdemi_mesure\/"]}]}},"jetpack_publicize_connections":[],"jetpack_sharing_enabled":true,"_links":{"self":[{"href":"https:\/\/sansdemi-mesure.ma\/en\/wp-json\/wp\/v2\/product\/6226","targetHints":{"allow":["GET"]}}],"collection":[{"href":"https:\/\/sansdemi-mesure.ma\/en\/wp-json\/wp\/v2\/product"}],"about":[{"href":"https:\/\/sansdemi-mesure.ma\/en\/wp-json\/wp\/v2\/types\/product"}],"replies":[{"embeddable":true,"href":"https:\/\/sansdemi-mesure.ma\/en\/wp-json\/wp\/v2\/comments?post=6226"}],"wp:featuredmedia":[{"embeddable":true,"href":"https:\/\/sansdemi-mesure.ma\/en\/wp-json\/wp\/v2\/media\/8408"}],"wp:attachment":[{"href":"https:\/\/sansdemi-mesure.ma\/en\/wp-json\/wp\/v2\/media?parent=6226"}],"wp:term":[{"taxonomy":"product_brand","embeddable":true,"href":"https:\/\/sansdemi-mesure.ma\/en\/wp-json\/wp\/v2\/product_brand?post=6226"},{"taxonomy":"product_cat","embeddable":true,"href":"https:\/\/sansdemi-mesure.ma\/en\/wp-json\/wp\/v2\/product_cat?post=6226"},{"taxonomy":"product_tag","embeddable":true,"href":"https:\/\/sansdemi-mesure.ma\/en\/wp-json\/wp\/v2\/product_tag?post=6226"}],"curies":[{"name":"wp","href":"https:\/\/api.w.org\/{rel}","templated":true}]}}