{"id":5004,"date":"2023-03-25T17:19:42","date_gmt":"2023-03-25T17:19:42","guid":{"rendered":"https:\/\/sansdemi-mesure.ma\/?post_type=product&#038;p=5004"},"modified":"2025-06-24T22:42:16","modified_gmt":"2025-06-24T22:42:16","slug":"jilbeb-basic-soie-de-medine","status":"publish","type":"product","link":"https:\/\/sansdemi-mesure.ma\/en\/product\/jilbeb-basic-soie-de-medine\/","title":{"rendered":"Jilbeb basic soie de m\u00e9dine"},"content":{"rendered":"<p>Le jilbeb est un incontournable \u00e0 avoir dans le dressing de la femme musulmane, afin de couvrir parfaitement ses formes. Elle peux l&rsquo;utiliser pour prier ou pour sortir de chez elle . C&rsquo;est une tenue pratique et facile \u00e0 enfiler.<br \/>\nLe djilbab permet d&rsquo;avoir une tenue mastoura ce qui permets de dissimuler l&rsquo;ensemble du corps \u00e0 l&rsquo;exception du visage et des mains.<\/p>\n<p>Jilbab est composer de deux pi\u00e8ces; une jupe avec \u00e9lastique au niveau de la taille et d&rsquo;une cape avec son hijab integr\u00e9.<br \/>\nLa cape du jilbeb a un bandeau int\u00e9gr\u00e9 \u00e0 nouer au niveau de la nuque.<br \/>\nIl est dot\u00e9 de petits \u00e9lastiques aux poignets pour couvrir vos bras en toutes circonstances.<br \/>\nCe jilbeb basic en soie de m\u00e9dine est fluide et l\u00e9ger.<\/p>\n<p>Le Jilbeb est l&rsquo;id\u00e9al pour avoir une tenue couvrante l\u00e9gif\u00e8re et pas cher.<br \/>\nD\u00e9couvrez <a href=\"https:\/\/sansdemi-mesure.ma\/en\/product\/jilbab-soie-de-medine-2-pieces\/\">ici <\/a>\u00a0nos <a href=\"https:\/\/www.instagram.com\/reel\/CqdbDn-I5ba\/?igshid=YmMyMTA2M2Y%3D\">jilbebs<\/a> de qualit\u00e9 sup\u00e9rieur<\/p>\n<p><em><strong>La soie de M\u00e9dine<\/strong>\u00a0n\u2019est pas une mati\u00e8re \u00e0 proprement parler elle\u00a0est essentiellement compos\u00e9 de polyester. Il s\u2019agit de l\u2019appellation reconnue pour d\u00e9signer un tissu souple, fluide, soyeux et opaque \u00e0 la fois. Elle est compos\u00e9e de diff\u00e9rentes fibres synth\u00e9tiques.<\/em><\/p>","protected":false},"excerpt":{"rendered":"<p>convient du 36 au 42<\/p>\n<p><em>Mannequin 1m70<\/em><\/p>","protected":false},"featured_media":5095,"comment_status":"open","ping_status":"closed","template":"","meta":[],"product_brand":[],"product_cat":[42,27],"product_tag":[],"class_list":{"0":"post-5004","1":"product","2":"type-product","3":"status-publish","4":"has-post-thumbnail","6":"product_cat-jilbab","7":"product_cat-nouveautes","9":"first","10":"instock","11":"taxable","12":"shipping-taxable","13":"purchasable","14":"product-type-variable"},"yoast_head":"<!-- This site is optimized with the Yoast SEO plugin v24.3 - https:\/\/yoast.com\/wordpress\/plugins\/seo\/ -->\n<title>Jilbeb basic soie de m\u00e9dine - Sans Demi Mesure<\/title>\n<meta name=\"description\" content=\"Ensemble 2 pi\u00e8ces ample aux manches longues, couleur uni sans motif couvrant de la t\u00eate aux pieds sauf le visage et les mains. Jilbeb pas cher.\" \/>\n<meta name=\"robots\" content=\"index, follow, max-snippet:-1, max-image-preview:large, max-video-preview:-1\" \/>\n<link rel=\"canonical\" href=\"https:\/\/sansdemi-mesure.ma\/en\/product\/jilbeb-basic-soie-de-medine\/\" \/>\n<meta property=\"og:locale\" content=\"en_US\" \/>\n<meta property=\"og:type\" content=\"article\" \/>\n<meta property=\"og:title\" content=\"Jilbeb basic soie de m\u00e9dine - Sans Demi Mesure\" \/>\n<meta property=\"og:description\" content=\"Ensemble 2 pi\u00e8ces ample aux manches longues, couleur uni sans motif couvrant de la t\u00eate aux pieds sauf le visage et les mains. Jilbeb pas cher.\" \/>\n<meta property=\"og:url\" content=\"https:\/\/sansdemi-mesure.ma\/en\/product\/jilbeb-basic-soie-de-medine\/\" \/>\n<meta property=\"og:site_name\" content=\"Sans Demi Mesure\" \/>\n<meta property=\"article:publisher\" content=\"https:\/\/web.facebook.com\/sansdemimesuree\/\" \/>\n<meta property=\"article:modified_time\" content=\"2025-06-24T22:42:16+00:00\" \/>\n<meta property=\"og:image\" content=\"https:\/\/sansdemi-mesure.ma\/wp-content\/uploads\/2023\/03\/JILBEB-VERT-DEAU-ET-BEIGE.jpeg\" \/>\n\t<meta property=\"og:image:width\" content=\"926\" \/>\n\t<meta property=\"og:image:height\" content=\"1600\" \/>\n\t<meta property=\"og:image:type\" content=\"image\/jpeg\" \/>\n<meta name=\"twitter:card\" content=\"summary_large_image\" \/>\n<meta name=\"twitter:label1\" content=\"Est. reading time\" \/>\n\t<meta name=\"twitter:data1\" content=\"1 minute\" \/>\n<script type=\"application\/ld+json\" class=\"yoast-schema-graph\">{\"@context\":\"https:\/\/schema.org\",\"@graph\":[{\"@type\":\"WebPage\",\"@id\":\"https:\/\/sansdemi-mesure.ma\/produit\/jilbeb-basic-soie-de-medine\/\",\"url\":\"https:\/\/sansdemi-mesure.ma\/produit\/jilbeb-basic-soie-de-medine\/\",\"name\":\"Jilbeb basic soie de m\u00e9dine - Sans Demi Mesure\",\"isPartOf\":{\"@id\":\"https:\/\/sansdemi-mesure.ma\/#website\"},\"primaryImageOfPage\":{\"@id\":\"https:\/\/sansdemi-mesure.ma\/produit\/jilbeb-basic-soie-de-medine\/#primaryimage\"},\"image\":{\"@id\":\"https:\/\/sansdemi-mesure.ma\/produit\/jilbeb-basic-soie-de-medine\/#primaryimage\"},\"thumbnailUrl\":\"https:\/\/sansdemi-mesure.ma\/wp-content\/uploads\/2023\/03\/JILBEB-VERT-DEAU-ET-BEIGE.jpeg\",\"datePublished\":\"2023-03-25T17:19:42+00:00\",\"dateModified\":\"2025-06-24T22:42:16+00:00\",\"description\":\"Ensemble 2 pi\u00e8ces ample aux manches longues, couleur uni sans motif couvrant de la t\u00eate aux pieds sauf le visage et les mains. Jilbeb pas cher.\",\"breadcrumb\":{\"@id\":\"https:\/\/sansdemi-mesure.ma\/produit\/jilbeb-basic-soie-de-medine\/#breadcrumb\"},\"inLanguage\":\"en-US\",\"potentialAction\":[{\"@type\":\"ReadAction\",\"target\":[\"https:\/\/sansdemi-mesure.ma\/produit\/jilbeb-basic-soie-de-medine\/\"]}]},{\"@type\":\"ImageObject\",\"inLanguage\":\"en-US\",\"@id\":\"https:\/\/sansdemi-mesure.ma\/produit\/jilbeb-basic-soie-de-medine\/#primaryimage\",\"url\":\"https:\/\/sansdemi-mesure.ma\/wp-content\/uploads\/2023\/03\/JILBEB-VERT-DEAU-ET-BEIGE.jpeg\",\"contentUrl\":\"https:\/\/sansdemi-mesure.ma\/wp-content\/uploads\/2023\/03\/JILBEB-VERT-DEAU-ET-BEIGE.jpeg\",\"width\":926,\"height\":1600,\"caption\":\"jilbeb basic 2 pi\u00e8ces en soie de m\u00e9dine\"},{\"@type\":\"BreadcrumbList\",\"@id\":\"https:\/\/sansdemi-mesure.ma\/produit\/jilbeb-basic-soie-de-medine\/#breadcrumb\",\"itemListElement\":[{\"@type\":\"ListItem\",\"position\":1,\"name\":\"Accueil\",\"item\":\"https:\/\/sansdemi-mesure.ma\/\"},{\"@type\":\"ListItem\",\"position\":2,\"name\":\"Boutique\",\"item\":\"https:\/\/sansdemi-mesure.ma\/boutique\/\"},{\"@type\":\"ListItem\",\"position\":3,\"name\":\"Jilbeb basic soie de m\u00e9dine\"}]},{\"@type\":\"WebSite\",\"@id\":\"https:\/\/sansdemi-mesure.ma\/#website\",\"url\":\"https:\/\/sansdemi-mesure.ma\/\",\"name\":\"Sans Demi Mesure\",\"description\":\"Pr\u00eat \u00e0 porter feminin\",\"publisher\":{\"@id\":\"https:\/\/sansdemi-mesure.ma\/#organization\"},\"potentialAction\":[{\"@type\":\"SearchAction\",\"target\":{\"@type\":\"EntryPoint\",\"urlTemplate\":\"https:\/\/sansdemi-mesure.ma\/?s={search_term_string}\"},\"query-input\":{\"@type\":\"PropertyValueSpecification\",\"valueRequired\":true,\"valueName\":\"search_term_string\"}}],\"inLanguage\":\"en-US\"},{\"@type\":\"Organization\",\"@id\":\"https:\/\/sansdemi-mesure.ma\/#organization\",\"name\":\"Sans Demi Mesure\",\"url\":\"https:\/\/sansdemi-mesure.ma\/\",\"logo\":{\"@type\":\"ImageObject\",\"inLanguage\":\"en-US\",\"@id\":\"https:\/\/sansdemi-mesure.ma\/#\/schema\/logo\/image\/\",\"url\":\"https:\/\/sansdemi-mesure.ma\/wp-content\/uploads\/2023\/04\/Logo-noir.png\",\"contentUrl\":\"https:\/\/sansdemi-mesure.ma\/wp-content\/uploads\/2023\/04\/Logo-noir.png\",\"width\":3901,\"height\":1305,\"caption\":\"Sans Demi Mesure\"},\"image\":{\"@id\":\"https:\/\/sansdemi-mesure.ma\/#\/schema\/logo\/image\/\"},\"sameAs\":[\"https:\/\/web.facebook.com\/sansdemimesuree\/\",\"https:\/\/www.instagram.com\/sansdemi_mesure\/\"]}]}<\/script>\n<!-- \/ Yoast SEO plugin. -->","yoast_head_json":{"title":"Jilbeb basic soie de m\u00e9dine - Sans Demi Mesure","description":"Ensemble 2 pi\u00e8ces ample aux manches longues, couleur uni sans motif couvrant de la t\u00eate aux pieds sauf le visage et les mains. Jilbeb pas cher.","robots":{"index":"index","follow":"follow","max-snippet":"max-snippet:-1","max-image-preview":"max-image-preview:large","max-video-preview":"max-video-preview:-1"},"canonical":"https:\/\/sansdemi-mesure.ma\/en\/product\/jilbeb-basic-soie-de-medine\/","og_locale":"en_US","og_type":"article","og_title":"Jilbeb basic soie de m\u00e9dine - Sans Demi Mesure","og_description":"Ensemble 2 pi\u00e8ces ample aux manches longues, couleur uni sans motif couvrant de la t\u00eate aux pieds sauf le visage et les mains. Jilbeb pas cher.","og_url":"https:\/\/sansdemi-mesure.ma\/en\/product\/jilbeb-basic-soie-de-medine\/","og_site_name":"Sans Demi Mesure","article_publisher":"https:\/\/web.facebook.com\/sansdemimesuree\/","article_modified_time":"2025-06-24T22:42:16+00:00","og_image":[{"width":926,"height":1600,"url":"https:\/\/sansdemi-mesure.ma\/wp-content\/uploads\/2023\/03\/JILBEB-VERT-DEAU-ET-BEIGE.jpeg","type":"image\/jpeg"}],"twitter_card":"summary_large_image","twitter_misc":{"Est. reading time":"1 minute"},"schema":{"@context":"https:\/\/schema.org","@graph":[{"@type":"WebPage","@id":"https:\/\/sansdemi-mesure.ma\/produit\/jilbeb-basic-soie-de-medine\/","url":"https:\/\/sansdemi-mesure.ma\/produit\/jilbeb-basic-soie-de-medine\/","name":"Jilbeb basic soie de m\u00e9dine - Sans Demi Mesure","isPartOf":{"@id":"https:\/\/sansdemi-mesure.ma\/#website"},"primaryImageOfPage":{"@id":"https:\/\/sansdemi-mesure.ma\/produit\/jilbeb-basic-soie-de-medine\/#primaryimage"},"image":{"@id":"https:\/\/sansdemi-mesure.ma\/produit\/jilbeb-basic-soie-de-medine\/#primaryimage"},"thumbnailUrl":"https:\/\/sansdemi-mesure.ma\/wp-content\/uploads\/2023\/03\/JILBEB-VERT-DEAU-ET-BEIGE.jpeg","datePublished":"2023-03-25T17:19:42+00:00","dateModified":"2025-06-24T22:42:16+00:00","description":"Ensemble 2 pi\u00e8ces ample aux manches longues, couleur uni sans motif couvrant de la t\u00eate aux pieds sauf le visage et les mains. Jilbeb pas cher.","breadcrumb":{"@id":"https:\/\/sansdemi-mesure.ma\/produit\/jilbeb-basic-soie-de-medine\/#breadcrumb"},"inLanguage":"en-US","potentialAction":[{"@type":"ReadAction","target":["https:\/\/sansdemi-mesure.ma\/produit\/jilbeb-basic-soie-de-medine\/"]}]},{"@type":"ImageObject","inLanguage":"en-US","@id":"https:\/\/sansdemi-mesure.ma\/produit\/jilbeb-basic-soie-de-medine\/#primaryimage","url":"https:\/\/sansdemi-mesure.ma\/wp-content\/uploads\/2023\/03\/JILBEB-VERT-DEAU-ET-BEIGE.jpeg","contentUrl":"https:\/\/sansdemi-mesure.ma\/wp-content\/uploads\/2023\/03\/JILBEB-VERT-DEAU-ET-BEIGE.jpeg","width":926,"height":1600,"caption":"jilbeb basic 2 pi\u00e8ces en soie de m\u00e9dine"},{"@type":"BreadcrumbList","@id":"https:\/\/sansdemi-mesure.ma\/produit\/jilbeb-basic-soie-de-medine\/#breadcrumb","itemListElement":[{"@type":"ListItem","position":1,"name":"Accueil","item":"https:\/\/sansdemi-mesure.ma\/"},{"@type":"ListItem","position":2,"name":"Boutique","item":"https:\/\/sansdemi-mesure.ma\/boutique\/"},{"@type":"ListItem","position":3,"name":"Jilbeb basic soie de m\u00e9dine"}]},{"@type":"WebSite","@id":"https:\/\/sansdemi-mesure.ma\/#website","url":"https:\/\/sansdemi-mesure.ma\/","name":"Sans Demi Mesure","description":"Pr\u00eat \u00e0 porter feminin","publisher":{"@id":"https:\/\/sansdemi-mesure.ma\/#organization"},"potentialAction":[{"@type":"SearchAction","target":{"@type":"EntryPoint","urlTemplate":"https:\/\/sansdemi-mesure.ma\/?s={search_term_string}"},"query-input":{"@type":"PropertyValueSpecification","valueRequired":true,"valueName":"search_term_string"}}],"inLanguage":"en-US"},{"@type":"Organization","@id":"https:\/\/sansdemi-mesure.ma\/#organization","name":"Sans Demi Mesure","url":"https:\/\/sansdemi-mesure.ma\/","logo":{"@type":"ImageObject","inLanguage":"en-US","@id":"https:\/\/sansdemi-mesure.ma\/#\/schema\/logo\/image\/","url":"https:\/\/sansdemi-mesure.ma\/wp-content\/uploads\/2023\/04\/Logo-noir.png","contentUrl":"https:\/\/sansdemi-mesure.ma\/wp-content\/uploads\/2023\/04\/Logo-noir.png","width":3901,"height":1305,"caption":"Sans Demi Mesure"},"image":{"@id":"https:\/\/sansdemi-mesure.ma\/#\/schema\/logo\/image\/"},"sameAs":["https:\/\/web.facebook.com\/sansdemimesuree\/","https:\/\/www.instagram.com\/sansdemi_mesure\/"]}]}},"jetpack_publicize_connections":[],"jetpack_sharing_enabled":true,"_links":{"self":[{"href":"https:\/\/sansdemi-mesure.ma\/en\/wp-json\/wp\/v2\/product\/5004","targetHints":{"allow":["GET"]}}],"collection":[{"href":"https:\/\/sansdemi-mesure.ma\/en\/wp-json\/wp\/v2\/product"}],"about":[{"href":"https:\/\/sansdemi-mesure.ma\/en\/wp-json\/wp\/v2\/types\/product"}],"replies":[{"embeddable":true,"href":"https:\/\/sansdemi-mesure.ma\/en\/wp-json\/wp\/v2\/comments?post=5004"}],"wp:featuredmedia":[{"embeddable":true,"href":"https:\/\/sansdemi-mesure.ma\/en\/wp-json\/wp\/v2\/media\/5095"}],"wp:attachment":[{"href":"https:\/\/sansdemi-mesure.ma\/en\/wp-json\/wp\/v2\/media?parent=5004"}],"wp:term":[{"taxonomy":"product_brand","embeddable":true,"href":"https:\/\/sansdemi-mesure.ma\/en\/wp-json\/wp\/v2\/product_brand?post=5004"},{"taxonomy":"product_cat","embeddable":true,"href":"https:\/\/sansdemi-mesure.ma\/en\/wp-json\/wp\/v2\/product_cat?post=5004"},{"taxonomy":"product_tag","embeddable":true,"href":"https:\/\/sansdemi-mesure.ma\/en\/wp-json\/wp\/v2\/product_tag?post=5004"}],"curies":[{"name":"wp","href":"https:\/\/api.w.org\/{rel}","templated":true}]}}