{"id":4642,"date":"2023-03-10T00:17:49","date_gmt":"2023-03-10T00:17:49","guid":{"rendered":"https:\/\/sansdemi-mesure.ma\/?post_type=product&#038;p=4642"},"modified":"2025-11-07T14:54:09","modified_gmt":"2025-11-07T14:54:09","slug":"abaya-manches-bouffantes-soie-de-medine","status":"publish","type":"product","link":"https:\/\/sansdemi-mesure.ma\/en\/product\/abaya-manches-bouffantes-soie-de-medine\/","title":{"rendered":"Abaya manches bouffantes soie de medine"},"content":{"rendered":"<p style=\"text-align: center;\"><strong>Abaya manches bouffantes soie de m\u00e9dine<\/strong><\/p>\n<p>L&rsquo;une des pi\u00e8ces \u00e0 avoir dans votre dressing, \u00e0 porter avec <a href=\"https:\/\/sansdemi-mesure.ma\/en\/product-category\/voile\/\">un voile<\/a> ou <a href=\"https:\/\/sansdemi-mesure.ma\/en\/product-category\/voile\/\">un khimar<\/a>. Sa coupe conviendra \u00e0 toutes les morphologies. La abaya manches bouffantes soie de m\u00e9dine est composer d&rsquo;un tissus fluide er l\u00e9ger. A noter qu&rsquo;il est indispensable de porter une sous robe pour les couleurs claire.<\/p>\n<p><em><strong>La soie de M\u00e9dine<\/strong> n\u2019est pas une mati\u00e8re \u00e0 proprement parler elle\u00a0est essentiellement compos\u00e9 de polyester. Il s\u2019agit de l\u2019appellation reconnue pour d\u00e9signer un tissu souple, fluide, soyeux et opaque \u00e0 la fois. Elle est compos\u00e9e de diff\u00e9rentes fibres synth\u00e9tiques.<\/em><\/p>\n<p>Cette robe est disponible dans un large choix de couleurs.<\/p>\n<p><em>Suivez-nous sur <a href=\"https:\/\/www.facebook.com\/sansdemimesuree\/\">instagram<\/a><\/em><\/p>\n<p>&nbsp;<\/p>","protected":false},"excerpt":{"rendered":"<p>Convient du 38 au 44<br \/>\n142cm de long<\/p>\n<p>tissu doux et fluide<br \/>\n100% polyester<\/p>\n<p><em>mannequin 1m72<\/em><\/p>\n<p>Je compl\u00e8te ma tenue avec <strong><a href=\"https:\/\/sansdemi-mesure.ma\/en\/product-category\/voile\/\">un khimar<\/a><\/strong><\/p>","protected":false},"featured_media":6741,"comment_status":"open","ping_status":"closed","template":"","meta":[],"product_brand":[],"product_cat":[24,27],"product_tag":[],"class_list":{"0":"post-4642","1":"product","2":"type-product","3":"status-publish","4":"has-post-thumbnail","6":"product_cat-abaya-robe","7":"product_cat-nouveautes","9":"first","10":"instock","11":"taxable","12":"shipping-taxable","13":"purchasable","14":"product-type-variable","15":"has-default-attributes"},"yoast_head":"<!-- This site is optimized with the Yoast SEO plugin v24.3 - https:\/\/yoast.com\/wordpress\/plugins\/seo\/ -->\n<title>Abaya manches bouffantes soie de medine - Sans Demi Mesure<\/title>\n<meta name=\"description\" content=\"Abaya manches bouffantes soie de medine ou abaya manches ballons, convient \u00e0 toute les morphologies. El\u00e9gante et mastour . Femme musulmane\" \/>\n<meta name=\"robots\" content=\"index, follow, max-snippet:-1, max-image-preview:large, max-video-preview:-1\" \/>\n<link rel=\"canonical\" href=\"https:\/\/sansdemi-mesure.ma\/en\/product\/abaya-manches-bouffantes-soie-de-medine\/\" \/>\n<meta property=\"og:locale\" content=\"en_US\" \/>\n<meta property=\"og:type\" content=\"article\" \/>\n<meta property=\"og:title\" content=\"Abaya manches bouffantes soie de medine - Sans Demi Mesure\" \/>\n<meta property=\"og:description\" content=\"Abaya manches bouffantes soie de medine ou abaya manches ballons, convient \u00e0 toute les morphologies. El\u00e9gante et mastour . Femme musulmane\" \/>\n<meta property=\"og:url\" content=\"https:\/\/sansdemi-mesure.ma\/en\/product\/abaya-manches-bouffantes-soie-de-medine\/\" \/>\n<meta property=\"og:site_name\" content=\"Sans Demi Mesure\" \/>\n<meta property=\"article:publisher\" content=\"https:\/\/web.facebook.com\/sansdemimesuree\/\" \/>\n<meta property=\"article:modified_time\" content=\"2025-11-07T14:54:09+00:00\" \/>\n<meta property=\"og:image\" content=\"https:\/\/sansdemi-mesure.ma\/wp-content\/uploads\/2023\/03\/abaya-manche-ballons3.jpg\" \/>\n\t<meta property=\"og:image:width\" content=\"1800\" \/>\n\t<meta property=\"og:image:height\" content=\"2400\" \/>\n\t<meta property=\"og:image:type\" content=\"image\/jpeg\" \/>\n<meta name=\"twitter:card\" content=\"summary_large_image\" \/>\n<meta name=\"twitter:label1\" content=\"Est. reading time\" \/>\n\t<meta name=\"twitter:data1\" content=\"1 minute\" \/>\n<script type=\"application\/ld+json\" class=\"yoast-schema-graph\">{\"@context\":\"https:\/\/schema.org\",\"@graph\":[{\"@type\":\"WebPage\",\"@id\":\"https:\/\/sansdemi-mesure.ma\/produit\/abaya-manches-bouffantes-soie-de-medine\/\",\"url\":\"https:\/\/sansdemi-mesure.ma\/produit\/abaya-manches-bouffantes-soie-de-medine\/\",\"name\":\"Abaya manches bouffantes soie de medine - Sans Demi Mesure\",\"isPartOf\":{\"@id\":\"https:\/\/sansdemi-mesure.ma\/#website\"},\"primaryImageOfPage\":{\"@id\":\"https:\/\/sansdemi-mesure.ma\/produit\/abaya-manches-bouffantes-soie-de-medine\/#primaryimage\"},\"image\":{\"@id\":\"https:\/\/sansdemi-mesure.ma\/produit\/abaya-manches-bouffantes-soie-de-medine\/#primaryimage\"},\"thumbnailUrl\":\"https:\/\/sansdemi-mesure.ma\/wp-content\/uploads\/2023\/03\/abaya-manche-ballons3.jpg\",\"datePublished\":\"2023-03-10T00:17:49+00:00\",\"dateModified\":\"2025-11-07T14:54:09+00:00\",\"description\":\"Abaya manches bouffantes soie de medine ou abaya manches ballons, convient \u00e0 toute les morphologies. El\u00e9gante et mastour . Femme musulmane\",\"breadcrumb\":{\"@id\":\"https:\/\/sansdemi-mesure.ma\/produit\/abaya-manches-bouffantes-soie-de-medine\/#breadcrumb\"},\"inLanguage\":\"en-US\",\"potentialAction\":[{\"@type\":\"ReadAction\",\"target\":[\"https:\/\/sansdemi-mesure.ma\/produit\/abaya-manches-bouffantes-soie-de-medine\/\"]}]},{\"@type\":\"ImageObject\",\"inLanguage\":\"en-US\",\"@id\":\"https:\/\/sansdemi-mesure.ma\/produit\/abaya-manches-bouffantes-soie-de-medine\/#primaryimage\",\"url\":\"https:\/\/sansdemi-mesure.ma\/wp-content\/uploads\/2023\/03\/abaya-manche-ballons3.jpg\",\"contentUrl\":\"https:\/\/sansdemi-mesure.ma\/wp-content\/uploads\/2023\/03\/abaya-manche-ballons3.jpg\",\"width\":1800,\"height\":2400,\"caption\":\"abaya manche ballons\"},{\"@type\":\"BreadcrumbList\",\"@id\":\"https:\/\/sansdemi-mesure.ma\/produit\/abaya-manches-bouffantes-soie-de-medine\/#breadcrumb\",\"itemListElement\":[{\"@type\":\"ListItem\",\"position\":1,\"name\":\"Accueil\",\"item\":\"https:\/\/sansdemi-mesure.ma\/\"},{\"@type\":\"ListItem\",\"position\":2,\"name\":\"Boutique\",\"item\":\"https:\/\/sansdemi-mesure.ma\/boutique\/\"},{\"@type\":\"ListItem\",\"position\":3,\"name\":\"Abaya manches bouffantes soie de medine\"}]},{\"@type\":\"WebSite\",\"@id\":\"https:\/\/sansdemi-mesure.ma\/#website\",\"url\":\"https:\/\/sansdemi-mesure.ma\/\",\"name\":\"Sans Demi Mesure\",\"description\":\"Pr\u00eat \u00e0 porter feminin\",\"publisher\":{\"@id\":\"https:\/\/sansdemi-mesure.ma\/#organization\"},\"potentialAction\":[{\"@type\":\"SearchAction\",\"target\":{\"@type\":\"EntryPoint\",\"urlTemplate\":\"https:\/\/sansdemi-mesure.ma\/?s={search_term_string}\"},\"query-input\":{\"@type\":\"PropertyValueSpecification\",\"valueRequired\":true,\"valueName\":\"search_term_string\"}}],\"inLanguage\":\"en-US\"},{\"@type\":\"Organization\",\"@id\":\"https:\/\/sansdemi-mesure.ma\/#organization\",\"name\":\"Sans Demi Mesure\",\"url\":\"https:\/\/sansdemi-mesure.ma\/\",\"logo\":{\"@type\":\"ImageObject\",\"inLanguage\":\"en-US\",\"@id\":\"https:\/\/sansdemi-mesure.ma\/#\/schema\/logo\/image\/\",\"url\":\"https:\/\/sansdemi-mesure.ma\/wp-content\/uploads\/2023\/04\/Logo-noir.png\",\"contentUrl\":\"https:\/\/sansdemi-mesure.ma\/wp-content\/uploads\/2023\/04\/Logo-noir.png\",\"width\":3901,\"height\":1305,\"caption\":\"Sans Demi Mesure\"},\"image\":{\"@id\":\"https:\/\/sansdemi-mesure.ma\/#\/schema\/logo\/image\/\"},\"sameAs\":[\"https:\/\/web.facebook.com\/sansdemimesuree\/\",\"https:\/\/www.instagram.com\/sansdemi_mesure\/\"]}]}<\/script>\n<!-- \/ Yoast SEO plugin. -->","yoast_head_json":{"title":"Abaya manches bouffantes soie de medine - Sans Demi Mesure","description":"Abaya manches bouffantes soie de medine ou abaya manches ballons, convient \u00e0 toute les morphologies. El\u00e9gante et mastour . Femme musulmane","robots":{"index":"index","follow":"follow","max-snippet":"max-snippet:-1","max-image-preview":"max-image-preview:large","max-video-preview":"max-video-preview:-1"},"canonical":"https:\/\/sansdemi-mesure.ma\/en\/product\/abaya-manches-bouffantes-soie-de-medine\/","og_locale":"en_US","og_type":"article","og_title":"Abaya manches bouffantes soie de medine - Sans Demi Mesure","og_description":"Abaya manches bouffantes soie de medine ou abaya manches ballons, convient \u00e0 toute les morphologies. El\u00e9gante et mastour . Femme musulmane","og_url":"https:\/\/sansdemi-mesure.ma\/en\/product\/abaya-manches-bouffantes-soie-de-medine\/","og_site_name":"Sans Demi Mesure","article_publisher":"https:\/\/web.facebook.com\/sansdemimesuree\/","article_modified_time":"2025-11-07T14:54:09+00:00","og_image":[{"width":1800,"height":2400,"url":"https:\/\/sansdemi-mesure.ma\/wp-content\/uploads\/2023\/03\/abaya-manche-ballons3.jpg","type":"image\/jpeg"}],"twitter_card":"summary_large_image","twitter_misc":{"Est. reading time":"1 minute"},"schema":{"@context":"https:\/\/schema.org","@graph":[{"@type":"WebPage","@id":"https:\/\/sansdemi-mesure.ma\/produit\/abaya-manches-bouffantes-soie-de-medine\/","url":"https:\/\/sansdemi-mesure.ma\/produit\/abaya-manches-bouffantes-soie-de-medine\/","name":"Abaya manches bouffantes soie de medine - Sans Demi Mesure","isPartOf":{"@id":"https:\/\/sansdemi-mesure.ma\/#website"},"primaryImageOfPage":{"@id":"https:\/\/sansdemi-mesure.ma\/produit\/abaya-manches-bouffantes-soie-de-medine\/#primaryimage"},"image":{"@id":"https:\/\/sansdemi-mesure.ma\/produit\/abaya-manches-bouffantes-soie-de-medine\/#primaryimage"},"thumbnailUrl":"https:\/\/sansdemi-mesure.ma\/wp-content\/uploads\/2023\/03\/abaya-manche-ballons3.jpg","datePublished":"2023-03-10T00:17:49+00:00","dateModified":"2025-11-07T14:54:09+00:00","description":"Abaya manches bouffantes soie de medine ou abaya manches ballons, convient \u00e0 toute les morphologies. El\u00e9gante et mastour . Femme musulmane","breadcrumb":{"@id":"https:\/\/sansdemi-mesure.ma\/produit\/abaya-manches-bouffantes-soie-de-medine\/#breadcrumb"},"inLanguage":"en-US","potentialAction":[{"@type":"ReadAction","target":["https:\/\/sansdemi-mesure.ma\/produit\/abaya-manches-bouffantes-soie-de-medine\/"]}]},{"@type":"ImageObject","inLanguage":"en-US","@id":"https:\/\/sansdemi-mesure.ma\/produit\/abaya-manches-bouffantes-soie-de-medine\/#primaryimage","url":"https:\/\/sansdemi-mesure.ma\/wp-content\/uploads\/2023\/03\/abaya-manche-ballons3.jpg","contentUrl":"https:\/\/sansdemi-mesure.ma\/wp-content\/uploads\/2023\/03\/abaya-manche-ballons3.jpg","width":1800,"height":2400,"caption":"abaya manche ballons"},{"@type":"BreadcrumbList","@id":"https:\/\/sansdemi-mesure.ma\/produit\/abaya-manches-bouffantes-soie-de-medine\/#breadcrumb","itemListElement":[{"@type":"ListItem","position":1,"name":"Accueil","item":"https:\/\/sansdemi-mesure.ma\/"},{"@type":"ListItem","position":2,"name":"Boutique","item":"https:\/\/sansdemi-mesure.ma\/boutique\/"},{"@type":"ListItem","position":3,"name":"Abaya manches bouffantes soie de medine"}]},{"@type":"WebSite","@id":"https:\/\/sansdemi-mesure.ma\/#website","url":"https:\/\/sansdemi-mesure.ma\/","name":"Sans Demi Mesure","description":"Pr\u00eat \u00e0 porter feminin","publisher":{"@id":"https:\/\/sansdemi-mesure.ma\/#organization"},"potentialAction":[{"@type":"SearchAction","target":{"@type":"EntryPoint","urlTemplate":"https:\/\/sansdemi-mesure.ma\/?s={search_term_string}"},"query-input":{"@type":"PropertyValueSpecification","valueRequired":true,"valueName":"search_term_string"}}],"inLanguage":"en-US"},{"@type":"Organization","@id":"https:\/\/sansdemi-mesure.ma\/#organization","name":"Sans Demi Mesure","url":"https:\/\/sansdemi-mesure.ma\/","logo":{"@type":"ImageObject","inLanguage":"en-US","@id":"https:\/\/sansdemi-mesure.ma\/#\/schema\/logo\/image\/","url":"https:\/\/sansdemi-mesure.ma\/wp-content\/uploads\/2023\/04\/Logo-noir.png","contentUrl":"https:\/\/sansdemi-mesure.ma\/wp-content\/uploads\/2023\/04\/Logo-noir.png","width":3901,"height":1305,"caption":"Sans Demi Mesure"},"image":{"@id":"https:\/\/sansdemi-mesure.ma\/#\/schema\/logo\/image\/"},"sameAs":["https:\/\/web.facebook.com\/sansdemimesuree\/","https:\/\/www.instagram.com\/sansdemi_mesure\/"]}]}},"jetpack_publicize_connections":[],"jetpack_sharing_enabled":true,"_links":{"self":[{"href":"https:\/\/sansdemi-mesure.ma\/en\/wp-json\/wp\/v2\/product\/4642","targetHints":{"allow":["GET"]}}],"collection":[{"href":"https:\/\/sansdemi-mesure.ma\/en\/wp-json\/wp\/v2\/product"}],"about":[{"href":"https:\/\/sansdemi-mesure.ma\/en\/wp-json\/wp\/v2\/types\/product"}],"replies":[{"embeddable":true,"href":"https:\/\/sansdemi-mesure.ma\/en\/wp-json\/wp\/v2\/comments?post=4642"}],"wp:featuredmedia":[{"embeddable":true,"href":"https:\/\/sansdemi-mesure.ma\/en\/wp-json\/wp\/v2\/media\/6741"}],"wp:attachment":[{"href":"https:\/\/sansdemi-mesure.ma\/en\/wp-json\/wp\/v2\/media?parent=4642"}],"wp:term":[{"taxonomy":"product_brand","embeddable":true,"href":"https:\/\/sansdemi-mesure.ma\/en\/wp-json\/wp\/v2\/product_brand?post=4642"},{"taxonomy":"product_cat","embeddable":true,"href":"https:\/\/sansdemi-mesure.ma\/en\/wp-json\/wp\/v2\/product_cat?post=4642"},{"taxonomy":"product_tag","embeddable":true,"href":"https:\/\/sansdemi-mesure.ma\/en\/wp-json\/wp\/v2\/product_tag?post=4642"}],"curies":[{"name":"wp","href":"https:\/\/api.w.org\/{rel}","templated":true}]}}