{"id":11685,"date":"2024-05-10T11:57:14","date_gmt":"2024-05-10T11:57:14","guid":{"rendered":"https:\/\/sansdemi-mesure.ma\/?post_type=product&#038;p=11685"},"modified":"2025-06-19T11:17:22","modified_gmt":"2025-06-19T11:17:22","slug":"abaya-hijeb-integre-dore-jazz","status":"publish","type":"product","link":"https:\/\/sansdemi-mesure.ma\/en\/product\/abaya-hijeb-integre-dore-jazz\/","title":{"rendered":"Abaya hijeb int\u00e9gr\u00e9 dor\u00e9 jazz"},"content":{"rendered":"<p style=\"text-align: center;\">Abaya hijeb int\u00e9gr\u00e9 dor\u00e9<\/p>\n<p>&nbsp;<\/p>\n<p>Robe longue avec son voile int\u00e9gr\u00e9 et ses d\u00e9tails dor\u00e9 en soie de m\u00e9dine,<br \/>\nLa abaya hijab int\u00e9gr\u00e9 vous facilitera votre quotidien. Pratique et facile \u00e0 enfiler.<br \/>\ndisponible \u00e9galement en<a href=\"https:\/\/sansdemi-mesure.ma\/en\/product\/abaya-hijeb-integre-dore\/\"> soie de m\u00e9dine<\/a><\/p>","protected":false},"excerpt":{"rendered":"<p>Convient du 36 au 44<\/p>\n<p>145cm de long<\/p>\n<p>Voil\u00e9 int\u00e9gr\u00e9<\/p>","protected":false},"featured_media":13595,"comment_status":"open","ping_status":"closed","template":"","meta":[],"product_brand":[],"product_cat":[24,27],"product_tag":[],"class_list":{"0":"post-11685","1":"product","2":"type-product","3":"status-publish","4":"has-post-thumbnail","6":"product_cat-abaya-robe","7":"product_cat-nouveautes","9":"first","10":"instock","11":"taxable","12":"shipping-taxable","13":"purchasable","14":"product-type-variable"},"yoast_head":"<!-- This site is optimized with the Yoast SEO plugin v24.3 - https:\/\/yoast.com\/wordpress\/plugins\/seo\/ -->\n<title>Abaya hijeb int\u00e9gr\u00e9 dor\u00e9 jazz - Sans Demi Mesure<\/title>\n<meta name=\"description\" content=\"Sans Demi Mesure - abaya pour le ramadan - v\u00eatement pour la femme musulmane - hijeb, hijab, khimar, jilbeb, robe pas cher\" \/>\n<meta name=\"robots\" content=\"index, follow, max-snippet:-1, max-image-preview:large, max-video-preview:-1\" \/>\n<link rel=\"canonical\" href=\"https:\/\/sansdemi-mesure.ma\/en\/product\/abaya-hijeb-integre-dore-jazz\/\" \/>\n<meta property=\"og:locale\" content=\"en_US\" \/>\n<meta property=\"og:type\" content=\"article\" \/>\n<meta property=\"og:title\" content=\"Abaya hijeb int\u00e9gr\u00e9 dor\u00e9 jazz - Sans Demi Mesure\" \/>\n<meta property=\"og:description\" content=\"Sans Demi Mesure - abaya pour le ramadan - v\u00eatement pour la femme musulmane - hijeb, hijab, khimar, jilbeb, robe pas cher\" \/>\n<meta property=\"og:url\" content=\"https:\/\/sansdemi-mesure.ma\/en\/product\/abaya-hijeb-integre-dore-jazz\/\" \/>\n<meta property=\"og:site_name\" content=\"Sans Demi Mesure\" \/>\n<meta property=\"article:publisher\" content=\"https:\/\/web.facebook.com\/sansdemimesuree\/\" \/>\n<meta property=\"article:modified_time\" content=\"2025-06-19T11:17:22+00:00\" \/>\n<meta property=\"og:image\" content=\"https:\/\/sansdemi-mesure.ma\/wp-content\/uploads\/2024\/05\/Photoroom_20240916_004248.jpg\" \/>\n\t<meta property=\"og:image:width\" content=\"1350\" \/>\n\t<meta property=\"og:image:height\" content=\"2400\" \/>\n\t<meta property=\"og:image:type\" content=\"image\/jpeg\" \/>\n<meta name=\"twitter:card\" content=\"summary_large_image\" \/>\n<meta name=\"twitter:label1\" content=\"Est. reading time\" \/>\n\t<meta name=\"twitter:data1\" content=\"1 minute\" \/>\n<script type=\"application\/ld+json\" class=\"yoast-schema-graph\">{\"@context\":\"https:\/\/schema.org\",\"@graph\":[{\"@type\":\"WebPage\",\"@id\":\"https:\/\/sansdemi-mesure.ma\/produit\/abaya-hijeb-integre-dore-jazz\/\",\"url\":\"https:\/\/sansdemi-mesure.ma\/produit\/abaya-hijeb-integre-dore-jazz\/\",\"name\":\"Abaya hijeb int\u00e9gr\u00e9 dor\u00e9 jazz - Sans Demi Mesure\",\"isPartOf\":{\"@id\":\"https:\/\/sansdemi-mesure.ma\/#website\"},\"primaryImageOfPage\":{\"@id\":\"https:\/\/sansdemi-mesure.ma\/produit\/abaya-hijeb-integre-dore-jazz\/#primaryimage\"},\"image\":{\"@id\":\"https:\/\/sansdemi-mesure.ma\/produit\/abaya-hijeb-integre-dore-jazz\/#primaryimage\"},\"thumbnailUrl\":\"https:\/\/sansdemi-mesure.ma\/wp-content\/uploads\/2024\/05\/Photoroom_20240916_004248.jpg\",\"datePublished\":\"2024-05-10T11:57:14+00:00\",\"dateModified\":\"2025-06-19T11:17:22+00:00\",\"description\":\"Sans Demi Mesure - abaya pour le ramadan - v\u00eatement pour la femme musulmane - hijeb, hijab, khimar, jilbeb, robe pas cher\",\"breadcrumb\":{\"@id\":\"https:\/\/sansdemi-mesure.ma\/produit\/abaya-hijeb-integre-dore-jazz\/#breadcrumb\"},\"inLanguage\":\"en-US\",\"potentialAction\":[{\"@type\":\"ReadAction\",\"target\":[\"https:\/\/sansdemi-mesure.ma\/produit\/abaya-hijeb-integre-dore-jazz\/\"]}]},{\"@type\":\"ImageObject\",\"inLanguage\":\"en-US\",\"@id\":\"https:\/\/sansdemi-mesure.ma\/produit\/abaya-hijeb-integre-dore-jazz\/#primaryimage\",\"url\":\"https:\/\/sansdemi-mesure.ma\/wp-content\/uploads\/2024\/05\/Photoroom_20240916_004248.jpg\",\"contentUrl\":\"https:\/\/sansdemi-mesure.ma\/wp-content\/uploads\/2024\/05\/Photoroom_20240916_004248.jpg\",\"width\":1350,\"height\":2400,\"caption\":\"ABAYA HIJEB integre jazz\"},{\"@type\":\"BreadcrumbList\",\"@id\":\"https:\/\/sansdemi-mesure.ma\/produit\/abaya-hijeb-integre-dore-jazz\/#breadcrumb\",\"itemListElement\":[{\"@type\":\"ListItem\",\"position\":1,\"name\":\"Accueil\",\"item\":\"https:\/\/sansdemi-mesure.ma\/\"},{\"@type\":\"ListItem\",\"position\":2,\"name\":\"Boutique\",\"item\":\"https:\/\/sansdemi-mesure.ma\/boutique\/\"},{\"@type\":\"ListItem\",\"position\":3,\"name\":\"Abaya hijeb int\u00e9gr\u00e9 dor\u00e9 jazz\"}]},{\"@type\":\"WebSite\",\"@id\":\"https:\/\/sansdemi-mesure.ma\/#website\",\"url\":\"https:\/\/sansdemi-mesure.ma\/\",\"name\":\"Sans Demi Mesure\",\"description\":\"Pr\u00eat \u00e0 porter feminin\",\"publisher\":{\"@id\":\"https:\/\/sansdemi-mesure.ma\/#organization\"},\"potentialAction\":[{\"@type\":\"SearchAction\",\"target\":{\"@type\":\"EntryPoint\",\"urlTemplate\":\"https:\/\/sansdemi-mesure.ma\/?s={search_term_string}\"},\"query-input\":{\"@type\":\"PropertyValueSpecification\",\"valueRequired\":true,\"valueName\":\"search_term_string\"}}],\"inLanguage\":\"en-US\"},{\"@type\":\"Organization\",\"@id\":\"https:\/\/sansdemi-mesure.ma\/#organization\",\"name\":\"Sans Demi Mesure\",\"url\":\"https:\/\/sansdemi-mesure.ma\/\",\"logo\":{\"@type\":\"ImageObject\",\"inLanguage\":\"en-US\",\"@id\":\"https:\/\/sansdemi-mesure.ma\/#\/schema\/logo\/image\/\",\"url\":\"https:\/\/sansdemi-mesure.ma\/wp-content\/uploads\/2023\/04\/Logo-noir.png\",\"contentUrl\":\"https:\/\/sansdemi-mesure.ma\/wp-content\/uploads\/2023\/04\/Logo-noir.png\",\"width\":3901,\"height\":1305,\"caption\":\"Sans Demi Mesure\"},\"image\":{\"@id\":\"https:\/\/sansdemi-mesure.ma\/#\/schema\/logo\/image\/\"},\"sameAs\":[\"https:\/\/web.facebook.com\/sansdemimesuree\/\",\"https:\/\/www.instagram.com\/sansdemi_mesure\/\"]}]}<\/script>\n<!-- \/ Yoast SEO plugin. -->","yoast_head_json":{"title":"Abaya hijeb int\u00e9gr\u00e9 dor\u00e9 jazz - Sans Demi Mesure","description":"Sans Demi Mesure - abaya pour le ramadan - v\u00eatement pour la femme musulmane - hijeb, hijab, khimar, jilbeb, robe pas cher","robots":{"index":"index","follow":"follow","max-snippet":"max-snippet:-1","max-image-preview":"max-image-preview:large","max-video-preview":"max-video-preview:-1"},"canonical":"https:\/\/sansdemi-mesure.ma\/en\/product\/abaya-hijeb-integre-dore-jazz\/","og_locale":"en_US","og_type":"article","og_title":"Abaya hijeb int\u00e9gr\u00e9 dor\u00e9 jazz - Sans Demi Mesure","og_description":"Sans Demi Mesure - abaya pour le ramadan - v\u00eatement pour la femme musulmane - hijeb, hijab, khimar, jilbeb, robe pas cher","og_url":"https:\/\/sansdemi-mesure.ma\/en\/product\/abaya-hijeb-integre-dore-jazz\/","og_site_name":"Sans Demi Mesure","article_publisher":"https:\/\/web.facebook.com\/sansdemimesuree\/","article_modified_time":"2025-06-19T11:17:22+00:00","og_image":[{"width":1350,"height":2400,"url":"https:\/\/sansdemi-mesure.ma\/wp-content\/uploads\/2024\/05\/Photoroom_20240916_004248.jpg","type":"image\/jpeg"}],"twitter_card":"summary_large_image","twitter_misc":{"Est. reading time":"1 minute"},"schema":{"@context":"https:\/\/schema.org","@graph":[{"@type":"WebPage","@id":"https:\/\/sansdemi-mesure.ma\/produit\/abaya-hijeb-integre-dore-jazz\/","url":"https:\/\/sansdemi-mesure.ma\/produit\/abaya-hijeb-integre-dore-jazz\/","name":"Abaya hijeb int\u00e9gr\u00e9 dor\u00e9 jazz - Sans Demi Mesure","isPartOf":{"@id":"https:\/\/sansdemi-mesure.ma\/#website"},"primaryImageOfPage":{"@id":"https:\/\/sansdemi-mesure.ma\/produit\/abaya-hijeb-integre-dore-jazz\/#primaryimage"},"image":{"@id":"https:\/\/sansdemi-mesure.ma\/produit\/abaya-hijeb-integre-dore-jazz\/#primaryimage"},"thumbnailUrl":"https:\/\/sansdemi-mesure.ma\/wp-content\/uploads\/2024\/05\/Photoroom_20240916_004248.jpg","datePublished":"2024-05-10T11:57:14+00:00","dateModified":"2025-06-19T11:17:22+00:00","description":"Sans Demi Mesure - abaya pour le ramadan - v\u00eatement pour la femme musulmane - hijeb, hijab, khimar, jilbeb, robe pas cher","breadcrumb":{"@id":"https:\/\/sansdemi-mesure.ma\/produit\/abaya-hijeb-integre-dore-jazz\/#breadcrumb"},"inLanguage":"en-US","potentialAction":[{"@type":"ReadAction","target":["https:\/\/sansdemi-mesure.ma\/produit\/abaya-hijeb-integre-dore-jazz\/"]}]},{"@type":"ImageObject","inLanguage":"en-US","@id":"https:\/\/sansdemi-mesure.ma\/produit\/abaya-hijeb-integre-dore-jazz\/#primaryimage","url":"https:\/\/sansdemi-mesure.ma\/wp-content\/uploads\/2024\/05\/Photoroom_20240916_004248.jpg","contentUrl":"https:\/\/sansdemi-mesure.ma\/wp-content\/uploads\/2024\/05\/Photoroom_20240916_004248.jpg","width":1350,"height":2400,"caption":"ABAYA HIJEB integre jazz"},{"@type":"BreadcrumbList","@id":"https:\/\/sansdemi-mesure.ma\/produit\/abaya-hijeb-integre-dore-jazz\/#breadcrumb","itemListElement":[{"@type":"ListItem","position":1,"name":"Accueil","item":"https:\/\/sansdemi-mesure.ma\/"},{"@type":"ListItem","position":2,"name":"Boutique","item":"https:\/\/sansdemi-mesure.ma\/boutique\/"},{"@type":"ListItem","position":3,"name":"Abaya hijeb int\u00e9gr\u00e9 dor\u00e9 jazz"}]},{"@type":"WebSite","@id":"https:\/\/sansdemi-mesure.ma\/#website","url":"https:\/\/sansdemi-mesure.ma\/","name":"Sans Demi Mesure","description":"Pr\u00eat \u00e0 porter feminin","publisher":{"@id":"https:\/\/sansdemi-mesure.ma\/#organization"},"potentialAction":[{"@type":"SearchAction","target":{"@type":"EntryPoint","urlTemplate":"https:\/\/sansdemi-mesure.ma\/?s={search_term_string}"},"query-input":{"@type":"PropertyValueSpecification","valueRequired":true,"valueName":"search_term_string"}}],"inLanguage":"en-US"},{"@type":"Organization","@id":"https:\/\/sansdemi-mesure.ma\/#organization","name":"Sans Demi Mesure","url":"https:\/\/sansdemi-mesure.ma\/","logo":{"@type":"ImageObject","inLanguage":"en-US","@id":"https:\/\/sansdemi-mesure.ma\/#\/schema\/logo\/image\/","url":"https:\/\/sansdemi-mesure.ma\/wp-content\/uploads\/2023\/04\/Logo-noir.png","contentUrl":"https:\/\/sansdemi-mesure.ma\/wp-content\/uploads\/2023\/04\/Logo-noir.png","width":3901,"height":1305,"caption":"Sans Demi Mesure"},"image":{"@id":"https:\/\/sansdemi-mesure.ma\/#\/schema\/logo\/image\/"},"sameAs":["https:\/\/web.facebook.com\/sansdemimesuree\/","https:\/\/www.instagram.com\/sansdemi_mesure\/"]}]}},"jetpack_publicize_connections":[],"jetpack_sharing_enabled":true,"_links":{"self":[{"href":"https:\/\/sansdemi-mesure.ma\/en\/wp-json\/wp\/v2\/product\/11685","targetHints":{"allow":["GET"]}}],"collection":[{"href":"https:\/\/sansdemi-mesure.ma\/en\/wp-json\/wp\/v2\/product"}],"about":[{"href":"https:\/\/sansdemi-mesure.ma\/en\/wp-json\/wp\/v2\/types\/product"}],"replies":[{"embeddable":true,"href":"https:\/\/sansdemi-mesure.ma\/en\/wp-json\/wp\/v2\/comments?post=11685"}],"wp:featuredmedia":[{"embeddable":true,"href":"https:\/\/sansdemi-mesure.ma\/en\/wp-json\/wp\/v2\/media\/13595"}],"wp:attachment":[{"href":"https:\/\/sansdemi-mesure.ma\/en\/wp-json\/wp\/v2\/media?parent=11685"}],"wp:term":[{"taxonomy":"product_brand","embeddable":true,"href":"https:\/\/sansdemi-mesure.ma\/en\/wp-json\/wp\/v2\/product_brand?post=11685"},{"taxonomy":"product_cat","embeddable":true,"href":"https:\/\/sansdemi-mesure.ma\/en\/wp-json\/wp\/v2\/product_cat?post=11685"},{"taxonomy":"product_tag","embeddable":true,"href":"https:\/\/sansdemi-mesure.ma\/en\/wp-json\/wp\/v2\/product_tag?post=11685"}],"curies":[{"name":"wp","href":"https:\/\/api.w.org\/{rel}","templated":true}]}}