{"id":3399,"date":"2023-05-24T22:16:32","date_gmt":"2023-05-24T22:16:32","guid":{"rendered":"https:\/\/sansdemi-mesure.ma\/?page_id=3399"},"modified":"2023-05-25T07:35:08","modified_gmt":"2023-05-25T07:35:08","slug":"remboursements_retours","status":"publish","type":"page","link":"https:\/\/sansdemi-mesure.ma\/en\/remboursements_retours\/","title":{"rendered":"CONDITIONS GENERALES DE VENTE"},"content":{"rendered":"<p class=\"has-medium-font-size\"><strong>ARTICLE 1. Principes g\u00e9n\u00e9raux<\/strong><\/p>\n\n\n\n<p>Les conditions g\u00e9n\u00e9rales suivantes s&rsquo;appliquent \u00e0 toutes les commandes pass\u00e9es par le client (\u00ab vous \u00bb) \u00e0 www.sansdemi-mesure.net entreprise immatricul\u00e9 au R.C.S de Pontoise sous le num\u00e9ro SIRET 84930838200019<br>.<br>Veuillez vous assurer d&rsquo;avoir bien lu et compris les conditions g\u00e9n\u00e9rales avant de passer votre commande.<br>La pr\u00e9sentation de produits ou services sur le site www.sansdemi-mesure.net \u00e0 un instant donn\u00e9 n&rsquo;implique pas et ne garantit pas que ces produits ou services seront \u00e0 tout moment disponibles. Nous nous r\u00e9servons en effet le droit d&rsquo;interrompre la vente de tout produit \u00e0 tout moment.<br>Nous nous r\u00e9servons \u00e9galement le droit de modifier occasionnellement ces conditions g\u00e9n\u00e9rales sans vous en aviser pr\u00e9alablement. La version des conditions g\u00e9n\u00e9rales qui s&rsquo;appliquera \u00e0 votre commande sera celle figurant sur le sitewww.sansdemi-mesure.net au moment o\u00f9 vous passez la commande.<\/p>\n\n\n\n<p class=\"has-small-font-size\"><h2>ARTICLE 2. Prix et frais de livraisons<\/h2><\/p>\n\n\n\n<p>Les prix affich\u00e9s sur www.sansdemi-mesure.net sont donn\u00e9s T.V.A. l\u00e9gale incluse .<br>La soci\u00e9t\u00e9 SANS DEMI MESURE se r\u00e9serve le droit de modifier ses prix \u00e0 tout moment, mais le produit sera factur\u00e9 sur la base du tarif en vigueur au moment de la validation de la commande et sous r\u00e9serve de disponibilit\u00e9.<br>Tout article en promotion n&rsquo;est ni repris ni \u00e9chang\u00e9<br>Le co\u00fbt de chaque m\u00e9thode de livraison est clairement indiqu\u00e9 durant le processus de paiement.<\/p>\n\n\n\n<p class=\"has-small-font-size\"><h2>Article 3. Annulation et modification<\/h2><\/p>\n\n\n\n<p>Une fois votre achat valid\u00e9 la modification et l\u2019annulation de la commande est possible sous r\u00e9serve que celle ci ne soit pas en cours de pr\u00e9paration ou exp\u00e9dier .<br>Toute modification ou annulation doit \u00eatre<\/p>\n\n\n\n<p class=\"has-small-font-size\"><h2>Article 4. Livraison<\/h2><\/p>\n\n\n\n<p>La soci\u00e9t\u00e9 SANS DEMI MESURE met tout en \u0153uvre pour exp\u00e9dier vos commandes sous 48H dans l&rsquo;ordre o\u00f9 elles ont \u00e9t\u00e9 pass\u00e9es hors week-end et jour f\u00e9ri\u00e9.<br>Bien que nous faisions le maximum pour vous livrer dans les d\u00e9lais communiqu\u00e9s, la livraison peut parfois prendre plus de temps en raison d&rsquo;\u00e9v\u00e8nements impr\u00e9vus.<\/p>\n\n\n\n<p>Taxes de douane : Lors d\u2019un achat vers une destination hors de l\u2019Union Europ\u00e9enne votre colis sera probablement soumis \u00e0 des frais de douanes .<br>Vous devrez vous acquitter du paiement des droits et taxes de douane lors de l\u2019importation de marchandises hors de l\u2019Union Europ\u00e9enne .<\/p>\n\n\n\n<p>Cas de retour : si votre colis nous est retourn\u00e9 pour mauvaise adresse, adresse inexistante, non r\u00e9cup\u00e9ration du colis au bureau de Poste, ou tout autre raison vous devez vous acquitter des frais de re-livraison. En cas d&rsquo;annulation de votre commande, des frais de gestions vous seront d\u00e9duis ainsi que les frais d\u2019envoi.<\/p>\n\n\n\n<p class=\"has-small-font-size\"><h2>Article 5. Retours<\/h2><\/p>\n\n\n\n<p><strong>CONDITIONS DE RETOURS<br><\/strong>Le client doit contacter la soci\u00e9t\u00e9 SANS DEMI MESURE via WhatsApp au +33783087475, pour toutes demande de retour.<br>Les articles doivent \u00eatre retourn\u00e9 dans leurs emballages d\u2019origine avec \u00e9tiquette .<br>Vous disposez d\u2019un d\u00e9lai de 14 jours pour r\u00e9silier tout contrat de vente sans explications le d\u00e9lai de r\u00e9tractation expire au bout de 14 jours \u00e0 compter de la date \u00e0 laquelle vous avez pris possession physique de votre bien.<br>Les articles doivent nous \u00eatre renvoy\u00e9s via colissimo dans les plus brefs d\u00e9lais et au plus tard 14 jours \u00e0 compter de la date de r\u00e9ception du ou des article(s).<br>Nous proc\u00e8derons au remboursement \u00e0 l\u2019aide du m\u00eame mode de paiement que celui utilis\u00e9 pour la transaction initiale sous 14 jours.<br>Les frais de retour reste enti\u00e8rement \u00e0 la charge du client .<\/p>\n\n\n\n<p><\/p>\n\n\n\n<p class=\"has-small-font-size\"><h2>Article 8. Notre responsabilit\u00e9<\/h2><\/p>\n\n\n\n<p>www.sansdemi-mesure.net n\u2019est pas tenue responsable des retards , des pertes ou des vols de colis commis par la soci\u00e9t\u00e9 de transport en charge de votre colis .<\/p>\n\n\n\n<p>En cas de colis indiqu\u00e9 comme \u00e9tant livr\u00e9 sur le lien suivi colis , mais que le client indique ne pas l&rsquo;avoir r\u00e9ceptionn\u00e9, la soci\u00e9t\u00e9 SANS DEMI MESURE n&rsquo;est pas tenue responsable .<\/p>","protected":false},"excerpt":{"rendered":"<p>ARTICLE 1. Principes g\u00e9n\u00e9raux Les conditions g\u00e9n\u00e9rales suivantes s&rsquo;appliquent \u00e0 toutes les commandes pass\u00e9es par le client (\u00ab vous \u00bb) \u00e0 www.sansdemi-mesure.net entreprise immatricul\u00e9 au R.C.S de Pontoise sous le num\u00e9ro SIRET 84930838200019.Veuillez vous assurer d&rsquo;avoir bien lu et compris les conditions g\u00e9n\u00e9rales avant de passer votre commande.La pr\u00e9sentation de produits ou services sur le [&#8230;]","protected":false},"author":1,"featured_media":0,"parent":0,"menu_order":0,"comment_status":"closed","ping_status":"closed","template":"","meta":{"footnotes":""},"class_list":["post-3399","page","type-page","status-publish","hentry"],"yoast_head":"<!-- This site is optimized with the Yoast SEO plugin v24.3 - https:\/\/yoast.com\/wordpress\/plugins\/seo\/ -->\n<title>CONDITIONS GENERALES DE VENTE - Sans Demi Mesure<\/title>\n<meta name=\"robots\" content=\"index, follow, max-snippet:-1, max-image-preview:large, max-video-preview:-1\" \/>\n<link rel=\"canonical\" href=\"https:\/\/sansdemi-mesure.ma\/en\/remboursements_retours\/\" \/>\n<meta property=\"og:locale\" content=\"en_US\" \/>\n<meta property=\"og:type\" content=\"article\" \/>\n<meta property=\"og:title\" content=\"CONDITIONS GENERALES DE VENTE - Sans Demi Mesure\" \/>\n<meta property=\"og:description\" content=\"ARTICLE 1. Principes g\u00e9n\u00e9raux Les conditions g\u00e9n\u00e9rales suivantes s&rsquo;appliquent \u00e0 toutes les commandes pass\u00e9es par le client (\u00ab vous \u00bb) \u00e0 www.sansdemi-mesure.net entreprise immatricul\u00e9 au R.C.S de Pontoise sous le num\u00e9ro SIRET 84930838200019.Veuillez vous assurer d&rsquo;avoir bien lu et compris les conditions g\u00e9n\u00e9rales avant de passer votre commande.La pr\u00e9sentation de produits ou services sur le [...]\" \/>\n<meta property=\"og:url\" content=\"https:\/\/sansdemi-mesure.ma\/en\/remboursements_retours\/\" \/>\n<meta property=\"og:site_name\" content=\"Sans Demi Mesure\" \/>\n<meta property=\"article:publisher\" content=\"https:\/\/web.facebook.com\/sansdemimesuree\/\" \/>\n<meta property=\"article:modified_time\" content=\"2023-05-25T07:35:08+00:00\" \/>\n<meta name=\"twitter:card\" content=\"summary_large_image\" \/>\n<meta name=\"twitter:label1\" content=\"Est. reading time\" \/>\n\t<meta name=\"twitter:data1\" content=\"4 minutes\" \/>\n<script type=\"application\/ld+json\" class=\"yoast-schema-graph\">{\"@context\":\"https:\/\/schema.org\",\"@graph\":[{\"@type\":\"WebPage\",\"@id\":\"https:\/\/sansdemi-mesure.ma\/remboursements_retours\/\",\"url\":\"https:\/\/sansdemi-mesure.ma\/remboursements_retours\/\",\"name\":\"CONDITIONS GENERALES DE VENTE - Sans Demi Mesure\",\"isPartOf\":{\"@id\":\"https:\/\/sansdemi-mesure.ma\/#website\"},\"datePublished\":\"2023-05-24T22:16:32+00:00\",\"dateModified\":\"2023-05-25T07:35:08+00:00\",\"breadcrumb\":{\"@id\":\"https:\/\/sansdemi-mesure.ma\/remboursements_retours\/#breadcrumb\"},\"inLanguage\":\"en-US\",\"potentialAction\":[{\"@type\":\"ReadAction\",\"target\":[\"https:\/\/sansdemi-mesure.ma\/remboursements_retours\/\"]}]},{\"@type\":\"BreadcrumbList\",\"@id\":\"https:\/\/sansdemi-mesure.ma\/remboursements_retours\/#breadcrumb\",\"itemListElement\":[{\"@type\":\"ListItem\",\"position\":1,\"name\":\"Accueil\",\"item\":\"https:\/\/sansdemi-mesure.ma\/\"},{\"@type\":\"ListItem\",\"position\":2,\"name\":\"CONDITIONS GENERALES DE VENTE\"}]},{\"@type\":\"WebSite\",\"@id\":\"https:\/\/sansdemi-mesure.ma\/#website\",\"url\":\"https:\/\/sansdemi-mesure.ma\/\",\"name\":\"Sans Demi Mesure\",\"description\":\"Pr\u00eat \u00e0 porter feminin\",\"publisher\":{\"@id\":\"https:\/\/sansdemi-mesure.ma\/#organization\"},\"potentialAction\":[{\"@type\":\"SearchAction\",\"target\":{\"@type\":\"EntryPoint\",\"urlTemplate\":\"https:\/\/sansdemi-mesure.ma\/?s={search_term_string}\"},\"query-input\":{\"@type\":\"PropertyValueSpecification\",\"valueRequired\":true,\"valueName\":\"search_term_string\"}}],\"inLanguage\":\"en-US\"},{\"@type\":\"Organization\",\"@id\":\"https:\/\/sansdemi-mesure.ma\/#organization\",\"name\":\"Sans Demi Mesure\",\"url\":\"https:\/\/sansdemi-mesure.ma\/\",\"logo\":{\"@type\":\"ImageObject\",\"inLanguage\":\"en-US\",\"@id\":\"https:\/\/sansdemi-mesure.ma\/#\/schema\/logo\/image\/\",\"url\":\"https:\/\/sansdemi-mesure.ma\/wp-content\/uploads\/2023\/04\/Logo-noir.png\",\"contentUrl\":\"https:\/\/sansdemi-mesure.ma\/wp-content\/uploads\/2023\/04\/Logo-noir.png\",\"width\":3901,\"height\":1305,\"caption\":\"Sans Demi Mesure\"},\"image\":{\"@id\":\"https:\/\/sansdemi-mesure.ma\/#\/schema\/logo\/image\/\"},\"sameAs\":[\"https:\/\/web.facebook.com\/sansdemimesuree\/\",\"https:\/\/www.instagram.com\/sansdemi_mesure\/\"]}]}<\/script>\n<!-- \/ Yoast SEO plugin. -->","yoast_head_json":{"title":"CONDITIONS GENERALES DE VENTE - Sans Demi Mesure","robots":{"index":"index","follow":"follow","max-snippet":"max-snippet:-1","max-image-preview":"max-image-preview:large","max-video-preview":"max-video-preview:-1"},"canonical":"https:\/\/sansdemi-mesure.ma\/en\/remboursements_retours\/","og_locale":"en_US","og_type":"article","og_title":"CONDITIONS GENERALES DE VENTE - Sans Demi Mesure","og_description":"ARTICLE 1. Principes g\u00e9n\u00e9raux Les conditions g\u00e9n\u00e9rales suivantes s&rsquo;appliquent \u00e0 toutes les commandes pass\u00e9es par le client (\u00ab vous \u00bb) \u00e0 www.sansdemi-mesure.net entreprise immatricul\u00e9 au R.C.S de Pontoise sous le num\u00e9ro SIRET 84930838200019.Veuillez vous assurer d&rsquo;avoir bien lu et compris les conditions g\u00e9n\u00e9rales avant de passer votre commande.La pr\u00e9sentation de produits ou services sur le [...]","og_url":"https:\/\/sansdemi-mesure.ma\/en\/remboursements_retours\/","og_site_name":"Sans Demi Mesure","article_publisher":"https:\/\/web.facebook.com\/sansdemimesuree\/","article_modified_time":"2023-05-25T07:35:08+00:00","twitter_card":"summary_large_image","twitter_misc":{"Est. reading time":"4 minutes"},"schema":{"@context":"https:\/\/schema.org","@graph":[{"@type":"WebPage","@id":"https:\/\/sansdemi-mesure.ma\/remboursements_retours\/","url":"https:\/\/sansdemi-mesure.ma\/remboursements_retours\/","name":"CONDITIONS GENERALES DE VENTE - Sans Demi Mesure","isPartOf":{"@id":"https:\/\/sansdemi-mesure.ma\/#website"},"datePublished":"2023-05-24T22:16:32+00:00","dateModified":"2023-05-25T07:35:08+00:00","breadcrumb":{"@id":"https:\/\/sansdemi-mesure.ma\/remboursements_retours\/#breadcrumb"},"inLanguage":"en-US","potentialAction":[{"@type":"ReadAction","target":["https:\/\/sansdemi-mesure.ma\/remboursements_retours\/"]}]},{"@type":"BreadcrumbList","@id":"https:\/\/sansdemi-mesure.ma\/remboursements_retours\/#breadcrumb","itemListElement":[{"@type":"ListItem","position":1,"name":"Accueil","item":"https:\/\/sansdemi-mesure.ma\/"},{"@type":"ListItem","position":2,"name":"CONDITIONS GENERALES DE VENTE"}]},{"@type":"WebSite","@id":"https:\/\/sansdemi-mesure.ma\/#website","url":"https:\/\/sansdemi-mesure.ma\/","name":"Sans Demi Mesure","description":"Pr\u00eat \u00e0 porter feminin","publisher":{"@id":"https:\/\/sansdemi-mesure.ma\/#organization"},"potentialAction":[{"@type":"SearchAction","target":{"@type":"EntryPoint","urlTemplate":"https:\/\/sansdemi-mesure.ma\/?s={search_term_string}"},"query-input":{"@type":"PropertyValueSpecification","valueRequired":true,"valueName":"search_term_string"}}],"inLanguage":"en-US"},{"@type":"Organization","@id":"https:\/\/sansdemi-mesure.ma\/#organization","name":"Sans Demi Mesure","url":"https:\/\/sansdemi-mesure.ma\/","logo":{"@type":"ImageObject","inLanguage":"en-US","@id":"https:\/\/sansdemi-mesure.ma\/#\/schema\/logo\/image\/","url":"https:\/\/sansdemi-mesure.ma\/wp-content\/uploads\/2023\/04\/Logo-noir.png","contentUrl":"https:\/\/sansdemi-mesure.ma\/wp-content\/uploads\/2023\/04\/Logo-noir.png","width":3901,"height":1305,"caption":"Sans Demi Mesure"},"image":{"@id":"https:\/\/sansdemi-mesure.ma\/#\/schema\/logo\/image\/"},"sameAs":["https:\/\/web.facebook.com\/sansdemimesuree\/","https:\/\/www.instagram.com\/sansdemi_mesure\/"]}]}},"jetpack_sharing_enabled":true,"jetpack_shortlink":"https:\/\/wp.me\/PgESmj-SP","_links":{"self":[{"href":"https:\/\/sansdemi-mesure.ma\/en\/wp-json\/wp\/v2\/pages\/3399","targetHints":{"allow":["GET"]}}],"collection":[{"href":"https:\/\/sansdemi-mesure.ma\/en\/wp-json\/wp\/v2\/pages"}],"about":[{"href":"https:\/\/sansdemi-mesure.ma\/en\/wp-json\/wp\/v2\/types\/page"}],"author":[{"embeddable":true,"href":"https:\/\/sansdemi-mesure.ma\/en\/wp-json\/wp\/v2\/users\/1"}],"replies":[{"embeddable":true,"href":"https:\/\/sansdemi-mesure.ma\/en\/wp-json\/wp\/v2\/comments?post=3399"}],"version-history":[{"count":2,"href":"https:\/\/sansdemi-mesure.ma\/en\/wp-json\/wp\/v2\/pages\/3399\/revisions"}],"predecessor-version":[{"id":6463,"href":"https:\/\/sansdemi-mesure.ma\/en\/wp-json\/wp\/v2\/pages\/3399\/revisions\/6463"}],"wp:attachment":[{"href":"https:\/\/sansdemi-mesure.ma\/en\/wp-json\/wp\/v2\/media?parent=3399"}],"curies":[{"name":"wp","href":"https:\/\/api.w.org\/{rel}","templated":true}]}}